{"id":25800,"date":"2026-04-13T16:26:34","date_gmt":"2026-04-13T07:26:34","guid":{"rendered":"https:\/\/sfashionaccessories.com\/?post_type=product&#038;p=25800"},"modified":"2026-04-13T16:26:34","modified_gmt":"2026-04-13T07:26:34","slug":"brinco-semijoia-coracao-e-zirconia-rosa","status":"publish","type":"product","link":"https:\/\/sfashionaccessories.com\/?product=brinco-semijoia-coracao-e-zirconia-rosa","title":{"rendered":"Brinco Semijoia coracao e zirconia rosa"},"content":{"rendered":"<p>Uma semijoia cl\u00e1ssica e delicada, essas palavras definem bem o par de brincos com pedra de cora\u00e7\u00e3o de zirc\u00f4nia. Perfeito para milhares de ocasi\u00f5es, ele com certeza vai transformar e real\u00e7ar o seu visual com essa linda pedra de zirc\u00f4nia em formato de cora\u00e7\u00e3o na cor rosa<\/p>\n","protected":false},"excerpt":{"rendered":"<p>Uma semijoia cl\u00e1ssica e delicada, essas palavras definem bem o par de brincos com pedra de cora\u00e7\u00e3o de zirc\u00f4nia. Perfeito para milhares de ocasi\u00f5es, ele com certeza vai transformar e real\u00e7ar o seu visual com essa linda pedra de zirc\u00f4nia em formato de cora\u00e7\u00e3o na cor rosa<\/p>\n","protected":false},"featured_media":25802,"comment_status":"open","ping_status":"closed","template":"","meta":{"_kadence_starter_templates_imported_post":false},"product_brand":[],"product_cat":[200,369,209],"product_tag":[182,371,973],"class_list":{"0":"post-25800","1":"product","2":"type-product","3":"status-publish","4":"has-post-thumbnail","6":"product_cat-acessorios-bijuterias-semi-joias","7":"product_cat-brincos","8":"product_cat-semi-joias","9":"product_tag-acessorios","10":"product_tag-brincos","11":"product_tag-semijoias","13":"first","14":"instock","15":"shipping-taxable","16":"purchasable","17":"product-type-simple"},"_links":{"self":[{"href":"https:\/\/sfashionaccessories.com\/index.php?rest_route=\/wp\/v2\/product\/25800","targetHints":{"allow":["GET"]}}],"collection":[{"href":"https:\/\/sfashionaccessories.com\/index.php?rest_route=\/wp\/v2\/product"}],"about":[{"href":"https:\/\/sfashionaccessories.com\/index.php?rest_route=\/wp\/v2\/types\/product"}],"replies":[{"embeddable":true,"href":"https:\/\/sfashionaccessories.com\/index.php?rest_route=%2Fwp%2Fv2%2Fcomments&post=25800"}],"wp:featuredmedia":[{"embeddable":true,"href":"https:\/\/sfashionaccessories.com\/index.php?rest_route=\/wp\/v2\/media\/25802"}],"wp:attachment":[{"href":"https:\/\/sfashionaccessories.com\/index.php?rest_route=%2Fwp%2Fv2%2Fmedia&parent=25800"}],"wp:term":[{"taxonomy":"product_brand","embeddable":true,"href":"https:\/\/sfashionaccessories.com\/index.php?rest_route=%2Fwp%2Fv2%2Fproduct_brand&post=25800"},{"taxonomy":"product_cat","embeddable":true,"href":"https:\/\/sfashionaccessories.com\/index.php?rest_route=%2Fwp%2Fv2%2Fproduct_cat&post=25800"},{"taxonomy":"product_tag","embeddable":true,"href":"https:\/\/sfashionaccessories.com\/index.php?rest_route=%2Fwp%2Fv2%2Fproduct_tag&post=25800"}],"curies":[{"name":"wp","href":"https:\/\/api.w.org\/{rel}","templated":true}]}}