{"id":25803,"date":"2026-04-13T16:36:07","date_gmt":"2026-04-13T07:36:07","guid":{"rendered":"https:\/\/sfashionaccessories.com\/?post_type=product&#038;p=25803"},"modified":"2026-04-13T16:36:07","modified_gmt":"2026-04-13T07:36:07","slug":"brinco-semijoias-coracao-ponto-de-luz-zirconia-10mm","status":"publish","type":"product","link":"https:\/\/sfashionaccessories.com\/?product=brinco-semijoias-coracao-ponto-de-luz-zirconia-10mm","title":{"rendered":"Brinco Semijoias cora\u00e7\u00e3o ponto de luz zirc\u00f4nia 10MM"},"content":{"rendered":"<p dir=\"ltr\">SemiJoia confeccionada em material HIPOALERG\u00caNICO, DURADOURO e BRILHANTE;<\/p>\n<p dir=\"ltr\">\u2022 Revestidas com verniz de alta qualidade e banhado a ouro,<\/p>\n<p dir=\"ltr\">\u2022 Garantia vital\u00edcia APENAS em DEFEITOS DE BANHO .<\/p>\n<p dir=\"ltr\">\n","protected":false},"excerpt":{"rendered":"<p>SemiJoia confeccionada em material HIPOALERG\u00caNICO, DURADOURO e BRILHANTE; \u2022 Revestidas com verniz de alta qualidade e banhado a ouro, \u2022 Garantia vital\u00edcia APENAS em DEFEITOS DE BANHO .<\/p>\n","protected":false},"featured_media":25804,"comment_status":"open","ping_status":"closed","template":"","meta":{"_kadence_starter_templates_imported_post":false},"product_brand":[],"product_cat":[200,465,369,793,209],"product_tag":[182,371,973],"class_list":{"0":"post-25803","1":"product","2":"type-product","3":"status-publish","4":"has-post-thumbnail","6":"product_cat-acessorios-bijuterias-semi-joias","7":"product_cat-anuncios","8":"product_cat-brincos","9":"product_cat-presente","10":"product_cat-semi-joias","11":"product_tag-acessorios","12":"product_tag-brincos","13":"product_tag-semijoias","15":"first","16":"instock","17":"shipping-taxable","18":"purchasable","19":"product-type-simple"},"_links":{"self":[{"href":"https:\/\/sfashionaccessories.com\/index.php?rest_route=\/wp\/v2\/product\/25803","targetHints":{"allow":["GET"]}}],"collection":[{"href":"https:\/\/sfashionaccessories.com\/index.php?rest_route=\/wp\/v2\/product"}],"about":[{"href":"https:\/\/sfashionaccessories.com\/index.php?rest_route=\/wp\/v2\/types\/product"}],"replies":[{"embeddable":true,"href":"https:\/\/sfashionaccessories.com\/index.php?rest_route=%2Fwp%2Fv2%2Fcomments&post=25803"}],"wp:featuredmedia":[{"embeddable":true,"href":"https:\/\/sfashionaccessories.com\/index.php?rest_route=\/wp\/v2\/media\/25804"}],"wp:attachment":[{"href":"https:\/\/sfashionaccessories.com\/index.php?rest_route=%2Fwp%2Fv2%2Fmedia&parent=25803"}],"wp:term":[{"taxonomy":"product_brand","embeddable":true,"href":"https:\/\/sfashionaccessories.com\/index.php?rest_route=%2Fwp%2Fv2%2Fproduct_brand&post=25803"},{"taxonomy":"product_cat","embeddable":true,"href":"https:\/\/sfashionaccessories.com\/index.php?rest_route=%2Fwp%2Fv2%2Fproduct_cat&post=25803"},{"taxonomy":"product_tag","embeddable":true,"href":"https:\/\/sfashionaccessories.com\/index.php?rest_route=%2Fwp%2Fv2%2Fproduct_tag&post=25803"}],"curies":[{"name":"wp","href":"https:\/\/api.w.org\/{rel}","templated":true}]}}