{"id":25809,"date":"2026-04-13T17:35:51","date_gmt":"2026-04-13T08:35:51","guid":{"rendered":"https:\/\/sfashionaccessories.com\/?post_type=product&#038;p=25809"},"modified":"2026-04-13T17:35:52","modified_gmt":"2026-04-13T08:35:52","slug":"colar-veneziana-fina-pingente-cruz-vazada-com-detalhes-masculino-semijoias","status":"publish","type":"product","link":"https:\/\/sfashionaccessories.com\/?product=colar-veneziana-fina-pingente-cruz-vazada-com-detalhes-masculino-semijoias","title":{"rendered":"COLAR VENEZIANA FINA + PINGENTE CRUZ VAZADA COM DETALHES MASCULINO- Semijoias"},"content":{"rendered":"<p>Especifica\u00e7\u00f5es T\u00e9cnicas:<\/p>\n<p>Tamanho total: 70cm<\/p>\n<p>Tipo do fecho: Lagosta (1cm)<\/p>\n<p>&nbsp;<\/p>\n<p>Certificado e Garantia:<\/p>\n<p>\u2022 SemiJoia confeccionada em material HIPOALERG\u00caNICO, DURADOURO e BRILHANTE;<\/p>\n<p>\u2022 Revestidas com Verniz de alta qualidade e banhado a ouro.<\/p>\n<p>\u2022 Garantia\u00a0 APENAS em DEFEITOS DE BANHO .<\/p>\n<p>\u2022 Acompanha CERTIFICADO DE GARANTIA DE BANHO.<\/p>\n<p>&nbsp;<\/p>\n","protected":false},"excerpt":{"rendered":"<p>Especifica\u00e7\u00f5es T\u00e9cnicas: Tamanho total: 70cm Tipo do fecho: Lagosta (1cm) &nbsp; Certificado e Garantia: \u2022 SemiJoia confeccionada em material HIPOALERG\u00caNICO, DURADOURO e BRILHANTE; \u2022 Revestidas com Verniz de alta qualidade e banhado a ouro. \u2022 Garantia\u00a0 APENAS em DEFEITOS DE BANHO . \u2022 Acompanha CERTIFICADO DE GARANTIA DE BANHO. &nbsp;<\/p>\n","protected":false},"featured_media":25810,"comment_status":"open","ping_status":"closed","template":"","meta":{"_kadence_starter_templates_imported_post":false},"product_brand":[],"product_cat":[200,373,727,294,758,793,209],"product_tag":[],"class_list":{"0":"post-25809","1":"product","2":"type-product","3":"status-publish","4":"has-post-thumbnail","6":"product_cat-acessorios-bijuterias-semi-joias","7":"product_cat-colares","8":"product_cat-gargantilha","9":"product_cat-masculino","10":"product_cat-pingente","11":"product_cat-presente","12":"product_cat-semi-joias","14":"first","15":"instock","16":"shipping-taxable","17":"purchasable","18":"product-type-simple"},"_links":{"self":[{"href":"https:\/\/sfashionaccessories.com\/index.php?rest_route=\/wp\/v2\/product\/25809","targetHints":{"allow":["GET"]}}],"collection":[{"href":"https:\/\/sfashionaccessories.com\/index.php?rest_route=\/wp\/v2\/product"}],"about":[{"href":"https:\/\/sfashionaccessories.com\/index.php?rest_route=\/wp\/v2\/types\/product"}],"replies":[{"embeddable":true,"href":"https:\/\/sfashionaccessories.com\/index.php?rest_route=%2Fwp%2Fv2%2Fcomments&post=25809"}],"wp:featuredmedia":[{"embeddable":true,"href":"https:\/\/sfashionaccessories.com\/index.php?rest_route=\/wp\/v2\/media\/25810"}],"wp:attachment":[{"href":"https:\/\/sfashionaccessories.com\/index.php?rest_route=%2Fwp%2Fv2%2Fmedia&parent=25809"}],"wp:term":[{"taxonomy":"product_brand","embeddable":true,"href":"https:\/\/sfashionaccessories.com\/index.php?rest_route=%2Fwp%2Fv2%2Fproduct_brand&post=25809"},{"taxonomy":"product_cat","embeddable":true,"href":"https:\/\/sfashionaccessories.com\/index.php?rest_route=%2Fwp%2Fv2%2Fproduct_cat&post=25809"},{"taxonomy":"product_tag","embeddable":true,"href":"https:\/\/sfashionaccessories.com\/index.php?rest_route=%2Fwp%2Fv2%2Fproduct_tag&post=25809"}],"curies":[{"name":"wp","href":"https:\/\/api.w.org\/{rel}","templated":true}]}}