{"id":25826,"date":"2026-04-13T18:29:01","date_gmt":"2026-04-13T09:29:01","guid":{"rendered":"https:\/\/sfashionaccessories.com\/?post_type=product&#038;p=25826"},"modified":"2026-04-17T09:52:13","modified_gmt":"2026-04-17T00:52:13","slug":"conjunto-madreperola-brinco-e-colar-coracao-filha-semijoia","status":"publish","type":"product","link":"https:\/\/sfashionaccessories.com\/?product=conjunto-madreperola-brinco-e-colar-coracao-filha-semijoia","title":{"rendered":"CONJUNTO MADREP\u00c9ROLA BRINCO E COLAR CORA\u00c7\u00c3O FILHA- Semijoia"},"content":{"rendered":"<p style=\"font-weight: 400;\">Especifica\u00e7\u00ffes T\u00e9cnicas:<br \/>\nTamanho total : 45cm + 0,8mm\u00a0 (Comprimento x Espessura)<br \/>\nTamanho corrente: 45cm<br \/>\nTamanho extensor: 0cm<\/p>\n<p style=\"font-weight: 400;\">Tipo do fecho: Lagosta<\/p>\n<p style=\"font-weight: 400;\">Certificado e Garantia:<br \/>\n\u2022 Semijoia confeccionada em material hipoalerg\u00eanico, duradouro e banhado ouro,<br \/>\n\u2022 Acompanha Certificado de Garantia de banho.<\/p>\n","protected":false},"excerpt":{"rendered":"<p>Especifica\u00e7\u00ffes T\u00e9cnicas: Tamanho total : 45cm + 0,8mm\u00a0 (Comprimento x Espessura) Tamanho corrente: 45cm Tamanho extensor: 0cm Tipo do fecho: Lagosta Certificado e Garantia: \u2022 Semijoia confeccionada em material hipoalerg\u00eanico, duradouro e banhado ouro, \u2022 Acompanha Certificado de Garantia de banho.<\/p>\n","protected":false},"featured_media":25828,"comment_status":"open","ping_status":"closed","template":"","meta":{"_kadence_starter_templates_imported_post":false},"product_brand":[],"product_cat":[200,465,369,373,600,580,293,727,793,209],"product_tag":[182,374,728,879,973],"class_list":{"0":"post-25826","1":"product","2":"type-product","3":"status-publish","4":"has-post-thumbnail","6":"product_cat-acessorios-bijuterias-semi-joias","7":"product_cat-anuncios","8":"product_cat-brincos","9":"product_cat-colares","10":"product_cat-conjunto","11":"product_cat-destaques","12":"product_cat-feminino","13":"product_cat-gargantilha","14":"product_cat-presente","15":"product_cat-semi-joias","16":"product_tag-acessorios","17":"product_tag-colar","18":"product_tag-gargantilha","19":"product_tag-joias","20":"product_tag-semijoias","22":"first","23":"instock","24":"shipping-taxable","25":"purchasable","26":"product-type-simple"},"_links":{"self":[{"href":"https:\/\/sfashionaccessories.com\/index.php?rest_route=\/wp\/v2\/product\/25826","targetHints":{"allow":["GET"]}}],"collection":[{"href":"https:\/\/sfashionaccessories.com\/index.php?rest_route=\/wp\/v2\/product"}],"about":[{"href":"https:\/\/sfashionaccessories.com\/index.php?rest_route=\/wp\/v2\/types\/product"}],"replies":[{"embeddable":true,"href":"https:\/\/sfashionaccessories.com\/index.php?rest_route=%2Fwp%2Fv2%2Fcomments&post=25826"}],"wp:featuredmedia":[{"embeddable":true,"href":"https:\/\/sfashionaccessories.com\/index.php?rest_route=\/wp\/v2\/media\/25828"}],"wp:attachment":[{"href":"https:\/\/sfashionaccessories.com\/index.php?rest_route=%2Fwp%2Fv2%2Fmedia&parent=25826"}],"wp:term":[{"taxonomy":"product_brand","embeddable":true,"href":"https:\/\/sfashionaccessories.com\/index.php?rest_route=%2Fwp%2Fv2%2Fproduct_brand&post=25826"},{"taxonomy":"product_cat","embeddable":true,"href":"https:\/\/sfashionaccessories.com\/index.php?rest_route=%2Fwp%2Fv2%2Fproduct_cat&post=25826"},{"taxonomy":"product_tag","embeddable":true,"href":"https:\/\/sfashionaccessories.com\/index.php?rest_route=%2Fwp%2Fv2%2Fproduct_tag&post=25826"}],"curies":[{"name":"wp","href":"https:\/\/api.w.org\/{rel}","templated":true}]}}