{"id":25836,"date":"2026-04-13T18:42:51","date_gmt":"2026-04-13T09:42:51","guid":{"rendered":"https:\/\/sfashionaccessories.com\/?post_type=product&#038;p=25836"},"modified":"2026-04-13T18:42:51","modified_gmt":"2026-04-13T09:42:51","slug":"conjunto-zirconia-coracao-colar-brinco-roxo-lilas-semijoia","status":"publish","type":"product","link":"https:\/\/sfashionaccessories.com\/?product=conjunto-zirconia-coracao-colar-brinco-roxo-lilas-semijoia","title":{"rendered":"CONJUNTO ZIRC\u00d4NIA CORA\u00c7\u00c3O COLAR + BRINCO ROXO\/LIL\u00c1S- Semijoia"},"content":{"rendered":"<p>Semijoia-<\/p>\n<p>Especifica\u00e7oes T\u00e9cnicas:<br \/>\nTamanho total : 45cm + 0,8mm\u00a0 (Comprimento x Espessura)<br \/>\nTamanho corrente: 45cm<br \/>\nTamanho extensor: 0cm<\/p>\n<p>Tipo do fecho: Lagosta<\/p>\n<p>Certificado e Garantia:<br \/>\n\u2022 Joia confeccionada em material hipoalerg\u00eanico, duradouro e banhado ouro,<br \/>\n\u2022 Acompanha Certificado de Garantia de banho.<\/p>\n","protected":false},"excerpt":{"rendered":"<p>Semijoia- Especifica\u00e7oes T\u00e9cnicas: Tamanho total : 45cm + 0,8mm\u00a0 (Comprimento x Espessura) Tamanho corrente: 45cm Tamanho extensor: 0cm Tipo do fecho: Lagosta Certificado e Garantia: \u2022 Joia confeccionada em material hipoalerg\u00eanico, duradouro e banhado ouro, \u2022 Acompanha Certificado de Garantia de banho.<\/p>\n","protected":false},"featured_media":25838,"comment_status":"open","ping_status":"closed","template":"","meta":{"_kadence_starter_templates_imported_post":false},"product_brand":[],"product_cat":[200,373,600,293,727,878,793,209],"product_tag":[182,983,728,879,232,973],"class_list":{"0":"post-25836","1":"product","2":"type-product","3":"status-publish","4":"has-post-thumbnail","6":"product_cat-acessorios-bijuterias-semi-joias","7":"product_cat-colares","8":"product_cat-conjunto","9":"product_cat-feminino","10":"product_cat-gargantilha","11":"product_cat-joias","12":"product_cat-presente","13":"product_cat-semi-joias","14":"product_tag-acessorios","15":"product_tag-colares","16":"product_tag-gargantilha","17":"product_tag-joias","18":"product_tag-semi-joias","19":"product_tag-semijoias","21":"first","22":"instock","23":"shipping-taxable","24":"purchasable","25":"product-type-simple"},"_links":{"self":[{"href":"https:\/\/sfashionaccessories.com\/index.php?rest_route=\/wp\/v2\/product\/25836","targetHints":{"allow":["GET"]}}],"collection":[{"href":"https:\/\/sfashionaccessories.com\/index.php?rest_route=\/wp\/v2\/product"}],"about":[{"href":"https:\/\/sfashionaccessories.com\/index.php?rest_route=\/wp\/v2\/types\/product"}],"replies":[{"embeddable":true,"href":"https:\/\/sfashionaccessories.com\/index.php?rest_route=%2Fwp%2Fv2%2Fcomments&post=25836"}],"wp:featuredmedia":[{"embeddable":true,"href":"https:\/\/sfashionaccessories.com\/index.php?rest_route=\/wp\/v2\/media\/25838"}],"wp:attachment":[{"href":"https:\/\/sfashionaccessories.com\/index.php?rest_route=%2Fwp%2Fv2%2Fmedia&parent=25836"}],"wp:term":[{"taxonomy":"product_brand","embeddable":true,"href":"https:\/\/sfashionaccessories.com\/index.php?rest_route=%2Fwp%2Fv2%2Fproduct_brand&post=25836"},{"taxonomy":"product_cat","embeddable":true,"href":"https:\/\/sfashionaccessories.com\/index.php?rest_route=%2Fwp%2Fv2%2Fproduct_cat&post=25836"},{"taxonomy":"product_tag","embeddable":true,"href":"https:\/\/sfashionaccessories.com\/index.php?rest_route=%2Fwp%2Fv2%2Fproduct_tag&post=25836"}],"curies":[{"name":"wp","href":"https:\/\/api.w.org\/{rel}","templated":true}]}}