{"id":25860,"date":"2026-04-13T19:30:25","date_gmt":"2026-04-13T10:30:25","guid":{"rendered":"https:\/\/sfashionaccessories.com\/?post_type=product&#038;p=25860"},"modified":"2026-04-13T19:32:26","modified_gmt":"2026-04-13T10:32:26","slug":"brinco-coracao-zirconia-semijoias","status":"publish","type":"product","link":"https:\/\/sfashionaccessories.com\/?product=brinco-coracao-zirconia-semijoias","title":{"rendered":"BRINCO CORA\u00c7\u00c3O ZIRC\u00d4NIA -Semijoias"},"content":{"rendered":"<p dir=\"ltr\">\u00a0SemiJoia confeccionada em material HIPOALERG\u00caNICO, DURADOURO e BRILHANTE;<\/p>\n<p dir=\"ltr\">\u2022 Revestidas com verniz de alta qualidade e banhado ouro.<\/p>\n<p dir=\"ltr\">\u2022 Garantia\u00a0 APENAS em DEFEITOS DE BANHO .<\/p>\n","protected":false},"excerpt":{"rendered":"<p>\u00a0SemiJoia confeccionada em material HIPOALERG\u00caNICO, DURADOURO e BRILHANTE; \u2022 Revestidas com verniz de alta qualidade e banhado ouro. \u2022 Garantia\u00a0 APENAS em DEFEITOS DE BANHO .<\/p>\n","protected":false},"featured_media":25864,"comment_status":"open","ping_status":"closed","template":"","meta":{"_kadence_starter_templates_imported_post":false},"product_brand":[],"product_cat":[200,369,209],"product_tag":[182,371,973],"class_list":{"0":"post-25860","1":"product","2":"type-product","3":"status-publish","4":"has-post-thumbnail","6":"product_cat-acessorios-bijuterias-semi-joias","7":"product_cat-brincos","8":"product_cat-semi-joias","9":"product_tag-acessorios","10":"product_tag-brincos","11":"product_tag-semijoias","13":"first","14":"instock","15":"shipping-taxable","16":"purchasable","17":"product-type-variable"},"_links":{"self":[{"href":"https:\/\/sfashionaccessories.com\/index.php?rest_route=\/wp\/v2\/product\/25860","targetHints":{"allow":["GET"]}}],"collection":[{"href":"https:\/\/sfashionaccessories.com\/index.php?rest_route=\/wp\/v2\/product"}],"about":[{"href":"https:\/\/sfashionaccessories.com\/index.php?rest_route=\/wp\/v2\/types\/product"}],"replies":[{"embeddable":true,"href":"https:\/\/sfashionaccessories.com\/index.php?rest_route=%2Fwp%2Fv2%2Fcomments&post=25860"}],"wp:featuredmedia":[{"embeddable":true,"href":"https:\/\/sfashionaccessories.com\/index.php?rest_route=\/wp\/v2\/media\/25864"}],"wp:attachment":[{"href":"https:\/\/sfashionaccessories.com\/index.php?rest_route=%2Fwp%2Fv2%2Fmedia&parent=25860"}],"wp:term":[{"taxonomy":"product_brand","embeddable":true,"href":"https:\/\/sfashionaccessories.com\/index.php?rest_route=%2Fwp%2Fv2%2Fproduct_brand&post=25860"},{"taxonomy":"product_cat","embeddable":true,"href":"https:\/\/sfashionaccessories.com\/index.php?rest_route=%2Fwp%2Fv2%2Fproduct_cat&post=25860"},{"taxonomy":"product_tag","embeddable":true,"href":"https:\/\/sfashionaccessories.com\/index.php?rest_route=%2Fwp%2Fv2%2Fproduct_tag&post=25860"}],"curies":[{"name":"wp","href":"https:\/\/api.w.org\/{rel}","templated":true}]}}