{"id":25882,"date":"2026-04-13T21:25:42","date_gmt":"2026-04-13T12:25:42","guid":{"rendered":"https:\/\/sfashionaccessories.com\/?post_type=product&#038;p=25882"},"modified":"2026-05-09T19:38:16","modified_gmt":"2026-05-09T10:38:16","slug":"creme-desodorante-nutritivo-para-o-corpo-tododia-morango-e-baunilha-dourada-natura","status":"publish","type":"product","link":"https:\/\/sfashionaccessories.com\/?product=creme-desodorante-nutritivo-para-o-corpo-tododia-morango-e-baunilha-dourada-natura","title":{"rendered":"Creme Desodorante Nutritivo para o Corpo Tododia Morango e Baunilha Dourada- Natura"},"content":{"rendered":"<div class=\"relative flex\">\n<div class=\"flex gap-2 items-center\"><span class=\"text-sm font-bold\">hidrata\u00e7\u00e3o profunda com nova fragr\u00e2ncia envolvente.<\/span><\/div>\n<\/div>\n<div class=\"relative flex\">\n<div class=\"flex gap-2 items-center\">\n<p><strong>\u2022<\/strong>\u00a0combina\u00e7\u00e3o balanceada de ingredientes naturais<\/p>\n<p><strong>\u2022 nutri\u00e7\u00e3o prebi\u00f3tica<\/strong>\u00a0que se adapta ao que sua pele precisa a cada dia<\/p>\n<p><strong>\u2022<\/strong>\u00a0cria uma\u00a0<strong>barreira de prote\u00e7\u00e3o<\/strong>: pele forte e protegida dos danos externos<\/p>\n<p><strong>\u2022<\/strong>\u00a0estimula a produ\u00e7\u00e3o de elastina: pele com\u00a0<strong>mais elasticidade<\/strong><\/p>\n<p><strong>\u2022<\/strong>\u00a0ativa mecanismos de hidrata\u00e7\u00e3o:\u00a0<strong>combate o ressecamento<\/strong>\u00a0da pele, deixando-a profundamente nutrida<\/p>\n<p><strong>\u2022 acelera renova\u00e7\u00e3o celular<\/strong>: pele saud\u00e1vel e iluminada<\/p>\n<p><strong>\u2022<\/strong>\u00a0textura cremosa que espalha facilmente e\u00a0<strong>absorve rapidinho<\/strong><\/p>\n<p><strong>\u2022<\/strong>\u00a0fragr\u00e2ncia adocicada floral com\u00a0<strong>notas suculentas de morango<\/strong>, que se misturam ao\u00a0<strong>gourmand quente da baunilha<\/strong>\u00a0dourada.<\/p>\n<\/div>\n<\/div>\n","protected":false},"excerpt":{"rendered":"<p>hidrata\u00e7\u00e3o profunda com nova fragr\u00e2ncia envolvente. \u2022\u00a0combina\u00e7\u00e3o balanceada de ingredientes naturais \u2022 nutri\u00e7\u00e3o prebi\u00f3tica\u00a0que se adapta ao que sua pele precisa a cada dia \u2022\u00a0cria uma\u00a0barreira de prote\u00e7\u00e3o: pele forte e protegida dos danos externos \u2022\u00a0estimula a produ\u00e7\u00e3o de elastina: pele com\u00a0mais elasticidade \u2022\u00a0ativa mecanismos de hidrata\u00e7\u00e3o:\u00a0combate o ressecamento\u00a0da pele, deixando-a profundamente nutrida \u2022 acelera [&hellip;]<\/p>\n","protected":false},"featured_media":25885,"comment_status":"open","ping_status":"closed","template":"","meta":{"_kadence_starter_templates_imported_post":false},"product_brand":[],"product_cat":[465,206,304,322,213,580,214,203],"product_tag":[272,195,234],"class_list":{"0":"post-25882","1":"product","2":"type-product","3":"status-publish","4":"has-post-thumbnail","6":"product_cat-anuncios","7":"product_cat-cosmeticos-cremes-hidradantesperfumes","8":"product_cat-cremes-mascaras-oleos","9":"product_cat-cremes-hidratantes-oleos","10":"product_cat-desodorantes-anti-transpirantes","11":"product_cat-destaques","12":"product_cat-hidratantes-cremes-corporal","13":"product_cat-natura-creme-oleo-sabonete-perfume","14":"product_tag-cosmeticos","15":"product_tag-creme-hidratante","16":"product_tag-natura","18":"first","19":"instock","20":"sale","21":"shipping-taxable","22":"purchasable","23":"product-type-simple"},"_links":{"self":[{"href":"https:\/\/sfashionaccessories.com\/index.php?rest_route=\/wp\/v2\/product\/25882","targetHints":{"allow":["GET"]}}],"collection":[{"href":"https:\/\/sfashionaccessories.com\/index.php?rest_route=\/wp\/v2\/product"}],"about":[{"href":"https:\/\/sfashionaccessories.com\/index.php?rest_route=\/wp\/v2\/types\/product"}],"replies":[{"embeddable":true,"href":"https:\/\/sfashionaccessories.com\/index.php?rest_route=%2Fwp%2Fv2%2Fcomments&post=25882"}],"wp:featuredmedia":[{"embeddable":true,"href":"https:\/\/sfashionaccessories.com\/index.php?rest_route=\/wp\/v2\/media\/25885"}],"wp:attachment":[{"href":"https:\/\/sfashionaccessories.com\/index.php?rest_route=%2Fwp%2Fv2%2Fmedia&parent=25882"}],"wp:term":[{"taxonomy":"product_brand","embeddable":true,"href":"https:\/\/sfashionaccessories.com\/index.php?rest_route=%2Fwp%2Fv2%2Fproduct_brand&post=25882"},{"taxonomy":"product_cat","embeddable":true,"href":"https:\/\/sfashionaccessories.com\/index.php?rest_route=%2Fwp%2Fv2%2Fproduct_cat&post=25882"},{"taxonomy":"product_tag","embeddable":true,"href":"https:\/\/sfashionaccessories.com\/index.php?rest_route=%2Fwp%2Fv2%2Fproduct_tag&post=25882"}],"curies":[{"name":"wp","href":"https:\/\/api.w.org\/{rel}","templated":true}]}}