{"id":25895,"date":"2026-04-13T21:43:57","date_gmt":"2026-04-13T12:43:57","guid":{"rendered":"https:\/\/sfashionaccessories.com\/?post_type=product&#038;p=25895"},"modified":"2026-04-13T21:43:58","modified_gmt":"2026-04-13T12:43:58","slug":"sabonete-em-barra-cremoso-ekos-maracuja-natureza-dos-sonhos-natura","status":"publish","type":"product","link":"https:\/\/sfashionaccessories.com\/?product=sabonete-em-barra-cremoso-ekos-maracuja-natureza-dos-sonhos-natura","title":{"rendered":"Sabonete em Barra Cremoso Ekos Maracuj\u00e1 Natureza dos Sonhos- Natura"},"content":{"rendered":"<div class=\"relative flex\">\n<div class=\"flex gap-2 items-center\"><span class=\"text-sm font-bold\">uma nova fragr\u00e2ncia, diferente da tradicional. com notas que o maracuj\u00e1 revela \u00e0 noite.<\/span><\/div>\n<\/div>\n<div class=\"relative flex\">\n<div class=\"flex gap-2 items-center\">\n<p><strong>\u2022<\/strong>\u00a0limpa sem ressecar<\/p>\n<p><strong>\u2022<\/strong>\u00a0com\u00a0<strong>espuma cremosa<\/strong><\/p>\n<p><strong>\u2022<\/strong>\u00a0mant\u00e9m a\u00a0<strong>hidrata\u00e7\u00e3o natural<\/strong>\u00a0da pele<\/p>\n<p><strong>\u2022 100% livre de gordura animal<\/strong><\/p>\n<p><strong>\u2022<\/strong>\u00a0feito com base vegetal<\/p>\n<p><strong>\u2022<\/strong>\u00a0fragr\u00e2ncia \u00fanica, feita com extrato arom\u00e1tico do maracuj\u00e1 noturno.<\/p>\n<p>&nbsp;<\/p>\n<p><strong>cont\u00e9m<\/strong><\/p>\n<p>1 caixa com 4 sabonetes em barra de 100 gramas cada.<\/p>\n<\/div>\n<\/div>\n","protected":false},"excerpt":{"rendered":"<p>uma nova fragr\u00e2ncia, diferente da tradicional. com notas que o maracuj\u00e1 revela \u00e0 noite. \u2022\u00a0limpa sem ressecar \u2022\u00a0com\u00a0espuma cremosa \u2022\u00a0mant\u00e9m a\u00a0hidrata\u00e7\u00e3o natural\u00a0da pele \u2022 100% livre de gordura animal \u2022\u00a0feito com base vegetal \u2022\u00a0fragr\u00e2ncia \u00fanica, feita com extrato arom\u00e1tico do maracuj\u00e1 noturno. &nbsp; cont\u00e9m 1 caixa com 4 sabonetes em barra de 100 gramas cada.<\/p>\n","protected":false},"featured_media":25897,"comment_status":"open","ping_status":"closed","template":"","meta":{"_kadence_starter_templates_imported_post":false},"product_brand":[],"product_cat":[465,206,203,231,228,533],"product_tag":[272,234,191],"class_list":{"0":"post-25895","1":"product","2":"type-product","3":"status-publish","4":"has-post-thumbnail","6":"product_cat-anuncios","7":"product_cat-cosmeticos-cremes-hidradantesperfumes","8":"product_cat-natura-creme-oleo-sabonete-perfume","9":"product_cat-perfumes-natura","10":"product_cat-sabonete-sabonete-liquido-natura","11":"product_cat-sabonete-sabonete-liquido-esfoliante-oboticario","12":"product_tag-cosmeticos","13":"product_tag-natura","14":"product_tag-sabonete","16":"first","17":"instock","18":"shipping-taxable","19":"purchasable","20":"product-type-simple"},"_links":{"self":[{"href":"https:\/\/sfashionaccessories.com\/index.php?rest_route=\/wp\/v2\/product\/25895","targetHints":{"allow":["GET"]}}],"collection":[{"href":"https:\/\/sfashionaccessories.com\/index.php?rest_route=\/wp\/v2\/product"}],"about":[{"href":"https:\/\/sfashionaccessories.com\/index.php?rest_route=\/wp\/v2\/types\/product"}],"replies":[{"embeddable":true,"href":"https:\/\/sfashionaccessories.com\/index.php?rest_route=%2Fwp%2Fv2%2Fcomments&post=25895"}],"wp:featuredmedia":[{"embeddable":true,"href":"https:\/\/sfashionaccessories.com\/index.php?rest_route=\/wp\/v2\/media\/25897"}],"wp:attachment":[{"href":"https:\/\/sfashionaccessories.com\/index.php?rest_route=%2Fwp%2Fv2%2Fmedia&parent=25895"}],"wp:term":[{"taxonomy":"product_brand","embeddable":true,"href":"https:\/\/sfashionaccessories.com\/index.php?rest_route=%2Fwp%2Fv2%2Fproduct_brand&post=25895"},{"taxonomy":"product_cat","embeddable":true,"href":"https:\/\/sfashionaccessories.com\/index.php?rest_route=%2Fwp%2Fv2%2Fproduct_cat&post=25895"},{"taxonomy":"product_tag","embeddable":true,"href":"https:\/\/sfashionaccessories.com\/index.php?rest_route=%2Fwp%2Fv2%2Fproduct_tag&post=25895"}],"curies":[{"name":"wp","href":"https:\/\/api.w.org\/{rel}","templated":true}]}}