{"id":25899,"date":"2026-04-13T21:50:21","date_gmt":"2026-04-13T12:50:21","guid":{"rendered":"https:\/\/sfashionaccessories.com\/?post_type=product&#038;p=25899"},"modified":"2026-04-13T21:50:21","modified_gmt":"2026-04-13T12:50:21","slug":"ekos-frescor-pitanga-natura","status":"publish","type":"product","link":"https:\/\/sfashionaccessories.com\/?product=ekos-frescor-pitanga-natura","title":{"rendered":"Ekos Frescor Pitanga &#8211; Natura"},"content":{"rendered":"<div class=\"relative flex\">\n<div class=\"flex gap-2 items-center\"><span class=\"text-sm font-bold\">fragr\u00e2ncia vibrante e fresca para os seus dias.<\/span><\/div>\n<\/div>\n<div class=\"relative flex\">\n<div class=\"flex gap-2 items-center\">\n<p><strong>\u2022<\/strong>\u00a0seu frescor favorito mudou, mas continua com fragr\u00e2ncia deliciosa<\/p>\n<p><strong>\u2022<\/strong>\u00a0traz um brilho radiante, t\u00edpico de um dia de sol<\/p>\n<p><strong>\u2022 folhas de pitanga<\/strong>\u00a0se unem ao acorde de\u00a0<strong>frutas frescas<\/strong>\u00a0para revelar toda a vibra\u00e7\u00e3o da fruta, que \u00e9 s\u00edmbolo da tropicalidade brasileira<\/p>\n<p><strong>\u2022<\/strong>\u00a0desodorante col\u00f4nia com\u00a0<strong>ingrediente natural in\u00e9dito<\/strong>, extra\u00eddo das folhas da pitangueira<\/p>\n<p><strong>\u2022<\/strong>\u00a0a linha Ekos Pitanga contribui para regenera\u00e7\u00e3o da floresta e fortalece a\u00a0<strong>renda de fam\u00edlias guardi\u00e3s da natureza<\/strong>\u00a0ligadas \u00e0 bioagricultura do plantio de pitanga.<\/p>\n<p>&nbsp;<\/p>\n<p>&nbsp;<\/p>\n<p><strong>cont\u00e9m<\/strong><\/p>\n<p>1desodorantes col\u00f4nia feminino 150 ml .<\/p>\n<\/div>\n<\/div>\n","protected":false},"excerpt":{"rendered":"<p>fragr\u00e2ncia vibrante e fresca para os seus dias. \u2022\u00a0seu frescor favorito mudou, mas continua com fragr\u00e2ncia deliciosa \u2022\u00a0traz um brilho radiante, t\u00edpico de um dia de sol \u2022 folhas de pitanga\u00a0se unem ao acorde de\u00a0frutas frescas\u00a0para revelar toda a vibra\u00e7\u00e3o da fruta, que \u00e9 s\u00edmbolo da tropicalidade brasileira \u2022\u00a0desodorante col\u00f4nia com\u00a0ingrediente natural in\u00e9dito, extra\u00eddo das [&hellip;]<\/p>\n","protected":false},"featured_media":25902,"comment_status":"open","ping_status":"closed","template":"","meta":{"_kadence_starter_templates_imported_post":false},"product_brand":[],"product_cat":[465,530,206,276,213,580,203,231],"product_tag":[342,272,456,234],"class_list":{"0":"post-25899","1":"product","2":"type-product","3":"status-publish","4":"has-post-thumbnail","6":"product_cat-anuncios","7":"product_cat-body-splash","8":"product_cat-cosmeticos-cremes-hidradantesperfumes","9":"product_cat-desodorante","10":"product_cat-desodorantes-anti-transpirantes","11":"product_cat-destaques","12":"product_cat-natura-creme-oleo-sabonete-perfume","13":"product_cat-perfumes-natura","14":"product_tag-colonia","15":"product_tag-cosmeticos","16":"product_tag-frescor","17":"product_tag-natura","19":"first","20":"instock","21":"shipping-taxable","22":"purchasable","23":"product-type-simple"},"_links":{"self":[{"href":"https:\/\/sfashionaccessories.com\/index.php?rest_route=\/wp\/v2\/product\/25899","targetHints":{"allow":["GET"]}}],"collection":[{"href":"https:\/\/sfashionaccessories.com\/index.php?rest_route=\/wp\/v2\/product"}],"about":[{"href":"https:\/\/sfashionaccessories.com\/index.php?rest_route=\/wp\/v2\/types\/product"}],"replies":[{"embeddable":true,"href":"https:\/\/sfashionaccessories.com\/index.php?rest_route=%2Fwp%2Fv2%2Fcomments&post=25899"}],"wp:featuredmedia":[{"embeddable":true,"href":"https:\/\/sfashionaccessories.com\/index.php?rest_route=\/wp\/v2\/media\/25902"}],"wp:attachment":[{"href":"https:\/\/sfashionaccessories.com\/index.php?rest_route=%2Fwp%2Fv2%2Fmedia&parent=25899"}],"wp:term":[{"taxonomy":"product_brand","embeddable":true,"href":"https:\/\/sfashionaccessories.com\/index.php?rest_route=%2Fwp%2Fv2%2Fproduct_brand&post=25899"},{"taxonomy":"product_cat","embeddable":true,"href":"https:\/\/sfashionaccessories.com\/index.php?rest_route=%2Fwp%2Fv2%2Fproduct_cat&post=25899"},{"taxonomy":"product_tag","embeddable":true,"href":"https:\/\/sfashionaccessories.com\/index.php?rest_route=%2Fwp%2Fv2%2Fproduct_tag&post=25899"}],"curies":[{"name":"wp","href":"https:\/\/api.w.org\/{rel}","templated":true}]}}