{"id":25948,"date":"2026-04-15T22:13:54","date_gmt":"2026-04-15T13:13:54","guid":{"rendered":"https:\/\/sfashionaccessories.com\/?post_type=product&#038;p=25948"},"modified":"2026-04-16T19:28:33","modified_gmt":"2026-04-16T10:28:33","slug":"kit-03-calcinhas-delrio-biquini-em-cotton-ref-51364k17","status":"publish","type":"product","link":"https:\/\/sfashionaccessories.com\/?product=kit-03-calcinhas-delrio-biquini-em-cotton-ref-51364k17","title":{"rendered":"Kit 03 Calcinhas DelRio Biqu\u00edni Em Cotton Ref: 51364K17"},"content":{"rendered":"<section class=\"descricao\">\n<div class=\"row no-gutters\">\n<div class=\"col-12\">\n<div class=\"texto\">\n<p>Kit 03 Calcinhas DelRio Biqu\u00edni Em Cotton<\/p>\n<p>Apresentamos o Kit com 03 Calcinhas DelRio Biqu\u00edni em Cotton, uma cole\u00e7\u00e3o que combina o conforto do cotton de alta qualidade com o design vers\u00e1til do biqu\u00edni. Este kit foi projetado para proporcionar o melhor em termos de conforto, praticidade e estilo.<\/p>\n<p>* Kit composto por 3 calcinhas<br \/>\n* Confeccionadas em cotton<br \/>\n* Modelo tipo biqu\u00edni<br \/>\n* Laterais m\u00e9dias<br \/>\n* Forro de algod\u00e3o Antibact\u00e9ria<br \/>\n* O b\u00e1sico mais desejado, com fibra natural de algod\u00e3o<br \/>\n* Perfeito para quem busca conforto e durabilidade no dia a dia.<\/p>\n<p>A DelRio \u00e9 uma marca renomada na ind\u00fastria de lingerie, conhecida por seu compromisso com a qualidade e o conforto. Com o Kit de Calcinhas Biqu\u00edni em Cotton, voc\u00ea est\u00e1 escolhendo um conjunto que oferece funcionalidade, estilo e confian\u00e7a.<\/p>\n<p>Composi\u00e7\u00e3o :<br \/>\n95% Algod\u00e3o, 05%Elastano<br \/>\nForro: 100% Algod\u00e3o<\/p>\n<p>Marca: DelRio<br \/>\nRef: 51364K17<\/p>\n<\/div>\n<\/div>\n<\/div>\n<\/section>\n<section class=\"compre-junto\">\n<div class=\"row no-gutters\">\n<div class=\"col-12\">\n<div id=\"wd25\" class=\" wd-widget\" data-widget-js=\"{ &quot;handler&quot;: &quot;ProductAssociations&quot;, &quot;options&quot;: {&quot;usePriceDescription&quot;:false} }\">\n<div class=\"wd-product-associations upsell wd-widget-js\" data-widget-js=\"{ &quot;handler&quot;: &quot;ProductAssociations&quot;, &quot;options&quot;: {&quot;usePriceDescription&quot;:false} }\">\n<div class=\"wd-product-associations upsell wd-widget\">\n<div class=\"wd-header\">\n<div class=\"wd-title\"><\/div>\n<\/div>\n<\/div>\n<\/div>\n<\/div>\n<\/div>\n<\/div>\n<\/section>\n","protected":false},"excerpt":{"rendered":"<p>Kit 03 Calcinhas DelRio Biqu\u00edni Em Cotton Apresentamos o Kit com 03 Calcinhas DelRio Biqu\u00edni em Cotton, uma cole\u00e7\u00e3o que combina o conforto do cotton de alta qualidade com o design vers\u00e1til do biqu\u00edni. Este kit foi projetado para proporcionar o melhor em termos de conforto, praticidade e estilo. * Kit composto por 3 calcinhas [&hellip;]<\/p>\n","protected":false},"featured_media":22786,"comment_status":"open","ping_status":"closed","template":"","meta":{"_kadence_starter_templates_imported_post":false},"product_brand":[],"product_cat":[465,215,600,937,29],"product_tag":[380,475,458,188],"class_list":{"0":"post-25948","1":"product","2":"type-product","3":"status-publish","4":"has-post-thumbnail","6":"product_cat-anuncios","7":"product_cat-calcinhas-tangas-fio-dental","8":"product_cat-conjunto","9":"product_cat-delrio","10":"product_cat-lingeries","11":"product_tag-calcinhas","12":"product_tag-kits","13":"product_tag-lingeries","14":"product_tag-moda-feminina","16":"first","17":"instock","18":"shipping-taxable","19":"purchasable","20":"product-type-variable"},"_links":{"self":[{"href":"https:\/\/sfashionaccessories.com\/index.php?rest_route=\/wp\/v2\/product\/25948","targetHints":{"allow":["GET"]}}],"collection":[{"href":"https:\/\/sfashionaccessories.com\/index.php?rest_route=\/wp\/v2\/product"}],"about":[{"href":"https:\/\/sfashionaccessories.com\/index.php?rest_route=\/wp\/v2\/types\/product"}],"replies":[{"embeddable":true,"href":"https:\/\/sfashionaccessories.com\/index.php?rest_route=%2Fwp%2Fv2%2Fcomments&post=25948"}],"wp:featuredmedia":[{"embeddable":true,"href":"https:\/\/sfashionaccessories.com\/index.php?rest_route=\/wp\/v2\/media\/22786"}],"wp:attachment":[{"href":"https:\/\/sfashionaccessories.com\/index.php?rest_route=%2Fwp%2Fv2%2Fmedia&parent=25948"}],"wp:term":[{"taxonomy":"product_brand","embeddable":true,"href":"https:\/\/sfashionaccessories.com\/index.php?rest_route=%2Fwp%2Fv2%2Fproduct_brand&post=25948"},{"taxonomy":"product_cat","embeddable":true,"href":"https:\/\/sfashionaccessories.com\/index.php?rest_route=%2Fwp%2Fv2%2Fproduct_cat&post=25948"},{"taxonomy":"product_tag","embeddable":true,"href":"https:\/\/sfashionaccessories.com\/index.php?rest_route=%2Fwp%2Fv2%2Fproduct_tag&post=25948"}],"curies":[{"name":"wp","href":"https:\/\/api.w.org\/{rel}","templated":true}]}}