{"id":25952,"date":"2026-04-17T18:20:40","date_gmt":"2026-04-17T09:20:40","guid":{"rendered":"https:\/\/sfashionaccessories.com\/?post_type=product&#038;p=25952"},"modified":"2026-04-17T18:35:23","modified_gmt":"2026-04-17T09:35:23","slug":"oboticario-creme-acetinado-hidratante-desodorante-corporal-lily-cashmere-250g","status":"publish","type":"product","link":"https:\/\/sfashionaccessories.com\/?product=oboticario-creme-acetinado-hidratante-desodorante-corporal-lily-cashmere-250g","title":{"rendered":"oBoticario-Creme Acetinado Hidratante Desodorante Corporal Lily Cashmere 250g|"},"content":{"rendered":"<h2>Lily Cashmere \u2014 Creme Acetinado Hidratante Desodorante Corporal<\/h2>\n<p>Inspirado no toque \u00fanico e na sofisticada maciez do cashmere, o\u00a0<strong>Lily Cashmere<\/strong>\u00a0de\u00a0<strong>O Botic\u00e1rio<\/strong>\u00a0combina uma textura aveludada com uma perfuma\u00e7\u00e3o intensa, envolvente e exclusiva. Uma harmonia que veste a pele de sofistica\u00e7\u00e3o.<\/p>\n<p>A sua fragr\u00e2ncia evoca a eleg\u00e2ncia e cremosidade da\u00a0<strong>baunilha<\/strong>, com o brilho de\u00a0<strong>notas frutais<\/strong>\u00a0e a ic\u00f3nica assinatura marcante de Lily: o\u00a0<strong>Floral Branco<\/strong>. Fam\u00edlia olfativa:\u00a0<em>Floral Amadeirado.<\/em><\/p>\n<h2><\/h2>\n<p>&nbsp;<\/p>\n","protected":false},"excerpt":{"rendered":"<p>Lily Cashmere \u2014 Creme Acetinado Hidratante Desodorante Corporal Inspirado no toque \u00fanico e na sofisticada maciez do cashmere, o\u00a0Lily Cashmere\u00a0de\u00a0O Botic\u00e1rio\u00a0combina uma textura aveludada com uma perfuma\u00e7\u00e3o intensa, envolvente e exclusiva. Uma harmonia que veste a pele de sofistica\u00e7\u00e3o. A sua fragr\u00e2ncia evoca a eleg\u00e2ncia e cremosidade da\u00a0baunilha, com o brilho de\u00a0notas frutais\u00a0e a ic\u00f3nica [&hellip;]<\/p>\n","protected":false},"featured_media":25954,"comment_status":"open","ping_status":"closed","template":"","meta":{"_kadence_starter_templates_imported_post":false},"product_brand":[],"product_cat":[465,206,296,282,793],"product_tag":[272,195,284],"class_list":{"0":"post-25952","1":"product","2":"type-product","3":"status-publish","4":"has-post-thumbnail","6":"product_cat-anuncios","7":"product_cat-cosmeticos-cremes-hidradantesperfumes","8":"product_cat-hidratantes-cremes","9":"product_cat-o-boticario","10":"product_cat-presente","11":"product_tag-cosmeticos","12":"product_tag-creme-hidratante","13":"product_tag-o-boticario","15":"first","16":"instock","17":"shipping-taxable","18":"purchasable","19":"product-type-simple"},"_links":{"self":[{"href":"https:\/\/sfashionaccessories.com\/index.php?rest_route=\/wp\/v2\/product\/25952","targetHints":{"allow":["GET"]}}],"collection":[{"href":"https:\/\/sfashionaccessories.com\/index.php?rest_route=\/wp\/v2\/product"}],"about":[{"href":"https:\/\/sfashionaccessories.com\/index.php?rest_route=\/wp\/v2\/types\/product"}],"replies":[{"embeddable":true,"href":"https:\/\/sfashionaccessories.com\/index.php?rest_route=%2Fwp%2Fv2%2Fcomments&post=25952"}],"wp:featuredmedia":[{"embeddable":true,"href":"https:\/\/sfashionaccessories.com\/index.php?rest_route=\/wp\/v2\/media\/25954"}],"wp:attachment":[{"href":"https:\/\/sfashionaccessories.com\/index.php?rest_route=%2Fwp%2Fv2%2Fmedia&parent=25952"}],"wp:term":[{"taxonomy":"product_brand","embeddable":true,"href":"https:\/\/sfashionaccessories.com\/index.php?rest_route=%2Fwp%2Fv2%2Fproduct_brand&post=25952"},{"taxonomy":"product_cat","embeddable":true,"href":"https:\/\/sfashionaccessories.com\/index.php?rest_route=%2Fwp%2Fv2%2Fproduct_cat&post=25952"},{"taxonomy":"product_tag","embeddable":true,"href":"https:\/\/sfashionaccessories.com\/index.php?rest_route=%2Fwp%2Fv2%2Fproduct_tag&post=25952"}],"curies":[{"name":"wp","href":"https:\/\/api.w.org\/{rel}","templated":true}]}}