{"id":25955,"date":"2026-04-20T21:41:24","date_gmt":"2026-04-20T12:41:24","guid":{"rendered":"https:\/\/sfashionaccessories.com\/?post_type=product&#038;p=25955"},"modified":"2026-04-20T21:52:19","modified_gmt":"2026-04-20T12:52:19","slug":"short-hot-pants-confortavel-e-sofisticado-com-lavado-medio-pit-bull-jeans","status":"publish","type":"product","link":"https:\/\/sfashionaccessories.com\/?product=short-hot-pants-confortavel-e-sofisticado-com-lavado-medio-pit-bull-jeans","title":{"rendered":"Short Hot Pants Confort\u00e1vel e Sofisticado com Lavado M\u00e9dio Pit Bull Jeans"},"content":{"rendered":"<p data-pm-slice=\"1 1 []\" data-prosemirror-content-type=\"node\" data-prosemirror-node-block=\"true\" data-prosemirror-node-name=\"paragraph\">Desenvolvido para real\u00e7ar a silhueta com atitude e conforto, este short hot pants feminino traz visual moderno aliado a acabamento t\u00e9cnico de alto padr\u00e3o. A modelagem de cintura alta define o corpo com firmeza, enquanto a barra dobrada e os aviamentos em tom met\u00e1lico criam um visual urbano e sofisticado, ideal para produ\u00e7\u00f5es vers\u00e1teis e atuais.<\/p>\n<p data-prosemirror-content-type=\"node\" data-prosemirror-node-block=\"true\" data-prosemirror-node-name=\"paragraph\"><strong data-prosemirror-content-type=\"mark\" data-prosemirror-mark-name=\"strong\">DETALHES:<\/strong><\/p>\n<p data-prosemirror-content-type=\"node\" data-prosemirror-node-block=\"true\" data-prosemirror-node-name=\"paragraph\"><strong data-prosemirror-content-type=\"mark\" data-prosemirror-mark-name=\"strong\">\u2013 Composi\u00e7\u00e3o do produto:<\/strong><\/p>\n<ul class=\"ak-ul\" data-prosemirror-content-type=\"node\" data-prosemirror-node-block=\"true\" data-prosemirror-node-name=\"bulletList\">\n<li data-prosemirror-content-type=\"node\" data-prosemirror-node-block=\"true\" data-prosemirror-node-name=\"listItem\">\n<p data-prosemirror-content-type=\"node\" data-prosemirror-node-block=\"true\" data-prosemirror-node-name=\"paragraph\">68% Algod\u00e3o<\/p>\n<\/li>\n<li data-prosemirror-content-type=\"node\" data-prosemirror-node-block=\"true\" data-prosemirror-node-name=\"listItem\">\n<p data-prosemirror-content-type=\"node\" data-prosemirror-node-block=\"true\" data-prosemirror-node-name=\"paragraph\">30% Poli\u00e9ster<\/p>\n<\/li>\n<li data-prosemirror-content-type=\"node\" data-prosemirror-node-block=\"true\" data-prosemirror-node-name=\"listItem\">\n<p data-prosemirror-content-type=\"node\" data-prosemirror-node-block=\"true\" data-prosemirror-node-name=\"paragraph\">2% Elastano<\/p>\n<\/li>\n<\/ul>\n<p data-prosemirror-content-type=\"node\" data-prosemirror-node-block=\"true\" data-prosemirror-node-name=\"paragraph\"><strong data-prosemirror-content-type=\"mark\" data-prosemirror-mark-name=\"strong\">\u2013 Modelagem hot pants de cintura alta:<\/strong>\u00a0valoriza a silhueta com caimento firme e confort\u00e1vel<\/p>\n<p data-prosemirror-content-type=\"node\" data-prosemirror-node-block=\"true\" data-prosemirror-node-name=\"paragraph\"><strong data-prosemirror-content-type=\"mark\" data-prosemirror-mark-name=\"strong\">\u2013 Fechamento frontal com z\u00edper e bot\u00e3o met\u00e1lico:<\/strong>\u00a0praticidade no vestir com acabamento refinado<\/p>\n<p data-prosemirror-content-type=\"node\" data-prosemirror-node-block=\"true\" data-prosemirror-node-name=\"paragraph\"><strong data-prosemirror-content-type=\"mark\" data-prosemirror-mark-name=\"strong\">\u2013 Barra chuliada com dobra dupla:<\/strong>\u00a0visual moderno e alinhado \u00e0s tend\u00eancias<\/p>\n<p data-prosemirror-content-type=\"node\" data-prosemirror-node-block=\"true\" data-prosemirror-node-name=\"paragraph\"><strong data-prosemirror-content-type=\"mark\" data-prosemirror-mark-name=\"strong\">\u2013 Aviamentos em tom cobre envelhecido fosco:<\/strong>\u00a0identidade marcante com est\u00e9tica premium<\/p>\n<p data-prosemirror-content-type=\"node\" data-prosemirror-node-block=\"true\" data-prosemirror-node-name=\"paragraph\"><strong data-prosemirror-content-type=\"mark\" data-prosemirror-mark-name=\"strong\">\u2013 Plaquinha met\u00e1lica aplicada no bolso traseiro:<\/strong>\u00a0assinatura discreta e sofisticada da marca<\/p>\n<p data-prosemirror-content-type=\"node\" data-prosemirror-node-block=\"true\" data-prosemirror-node-name=\"paragraph\"><strong data-prosemirror-content-type=\"mark\" data-prosemirror-mark-name=\"strong\">\u2013 Bolsos traseiros com refor\u00e7o interno:<\/strong>\u00a0maior durabilidade e estrutura no uso di\u00e1rio<\/p>\n<p data-prosemirror-content-type=\"node\" data-prosemirror-node-block=\"true\" data-prosemirror-node-name=\"paragraph\"><strong data-prosemirror-content-type=\"mark\" data-prosemirror-mark-name=\"strong\">\u2013 Passantes laterais minimalistas:<\/strong>\u00a0visual clean e bem estruturado<\/p>\n<p data-prosemirror-content-type=\"node\" data-prosemirror-node-block=\"true\" data-prosemirror-node-name=\"paragraph\"><strong data-prosemirror-content-type=\"mark\" data-prosemirror-mark-name=\"strong\">\u2013 Costuras refor\u00e7adas em pontos estrat\u00e9gicos:<\/strong>\u00a0resist\u00eancia e longa vida \u00fatil da pe\u00e7a<\/p>\n<p data-prosemirror-content-type=\"node\" data-prosemirror-node-block=\"true\" data-prosemirror-node-name=\"paragraph\"><strong data-prosemirror-content-type=\"mark\" data-prosemirror-mark-name=\"strong\">\u2013 Forro interno nos bolsos:<\/strong>\u00a0conforto e acabamento interno organizado<\/p>\n<p data-prosemirror-content-type=\"node\" data-prosemirror-node-block=\"true\" data-prosemirror-node-name=\"paragraph\"><strong data-prosemirror-content-type=\"mark\" data-prosemirror-mark-name=\"strong\">\u2013\u00a0Bojo bundex remov\u00edvel:<\/strong>\u00a0para maior suporte e modelagem do bumbum, oferecendo um ajuste ideal e adapt\u00e1vel ao estilo de cada mulher<\/p>\n<p data-prosemirror-content-type=\"node\" data-prosemirror-node-block=\"true\" data-prosemirror-node-name=\"paragraph\">\n","protected":false},"excerpt":{"rendered":"<p>Desenvolvido para real\u00e7ar a silhueta com atitude e conforto, este short hot pants feminino traz visual moderno aliado a acabamento t\u00e9cnico de alto padr\u00e3o. A modelagem de cintura alta define o corpo com firmeza, enquanto a barra dobrada e os aviamentos em tom met\u00e1lico criam um visual urbano e sofisticado, ideal para produ\u00e7\u00f5es vers\u00e1teis e [&hellip;]<\/p>\n","protected":false},"featured_media":25959,"comment_status":"open","ping_status":"closed","template":"","meta":{"_kadence_starter_templates_imported_post":false},"product_brand":[],"product_cat":[293,1094,45],"product_tag":[188,1074,243,305],"class_list":{"0":"post-25955","1":"product","2":"type-product","3":"status-publish","4":"has-post-thumbnail","6":"product_cat-feminino","7":"product_cat-pit-bull-2","8":"product_cat-shorts-femininos","9":"product_tag-moda-feminina","10":"product_tag-pit-bull","11":"product_tag-pitbull","12":"product_tag-shorts","14":"first","15":"instock","16":"shipping-taxable","17":"purchasable","18":"product-type-variable"},"_links":{"self":[{"href":"https:\/\/sfashionaccessories.com\/index.php?rest_route=\/wp\/v2\/product\/25955","targetHints":{"allow":["GET"]}}],"collection":[{"href":"https:\/\/sfashionaccessories.com\/index.php?rest_route=\/wp\/v2\/product"}],"about":[{"href":"https:\/\/sfashionaccessories.com\/index.php?rest_route=\/wp\/v2\/types\/product"}],"replies":[{"embeddable":true,"href":"https:\/\/sfashionaccessories.com\/index.php?rest_route=%2Fwp%2Fv2%2Fcomments&post=25955"}],"wp:featuredmedia":[{"embeddable":true,"href":"https:\/\/sfashionaccessories.com\/index.php?rest_route=\/wp\/v2\/media\/25959"}],"wp:attachment":[{"href":"https:\/\/sfashionaccessories.com\/index.php?rest_route=%2Fwp%2Fv2%2Fmedia&parent=25955"}],"wp:term":[{"taxonomy":"product_brand","embeddable":true,"href":"https:\/\/sfashionaccessories.com\/index.php?rest_route=%2Fwp%2Fv2%2Fproduct_brand&post=25955"},{"taxonomy":"product_cat","embeddable":true,"href":"https:\/\/sfashionaccessories.com\/index.php?rest_route=%2Fwp%2Fv2%2Fproduct_cat&post=25955"},{"taxonomy":"product_tag","embeddable":true,"href":"https:\/\/sfashionaccessories.com\/index.php?rest_route=%2Fwp%2Fv2%2Fproduct_tag&post=25955"}],"curies":[{"name":"wp","href":"https:\/\/api.w.org\/{rel}","templated":true}]}}