{"id":25972,"date":"2026-04-20T22:18:27","date_gmt":"2026-04-20T13:18:27","guid":{"rendered":"https:\/\/sfashionaccessories.com\/?post_type=product&#038;p=25972"},"modified":"2026-04-20T22:18:27","modified_gmt":"2026-04-20T13:18:27","slug":"t-shirt-preta-fashion-e-confortavel-com-estampa-em-relevo-pit-bull-jeans-87171","status":"publish","type":"product","link":"https:\/\/sfashionaccessories.com\/?product=t-shirt-preta-fashion-e-confortavel-com-estampa-em-relevo-pit-bull-jeans-87171","title":{"rendered":"T-shirt Preta Fashion e Confort\u00e1vel com Estampa em Relevo Pit Bull Jeans-87171"},"content":{"rendered":"<p data-pm-slice=\"1 1 []\" data-prosemirror-content-type=\"node\" data-prosemirror-node-block=\"true\" data-prosemirror-node-name=\"paragraph\">Unindo conforto e personalidade, esta t-shirt \u00e9 a escolha ideal para um visual moderno e marcante. Com design exclusivo Pit Bull Fashion aplicado no relevo foil prata, a pe\u00e7a traz atitude na medida certa. O toque fashion fica por conta dos el\u00e1sticos personalizados com o nome da marca aplicados nos ombros, refor\u00e7ando o DNA aut\u00eantico da label.<\/p>\n<p data-prosemirror-content-type=\"node\" data-prosemirror-node-block=\"true\" data-prosemirror-node-name=\"paragraph\"><strong data-prosemirror-content-type=\"mark\" data-prosemirror-mark-name=\"strong\">DETALHES:<\/strong><\/p>\n<p data-prosemirror-content-type=\"node\" data-prosemirror-node-block=\"true\" data-prosemirror-node-name=\"paragraph\">\u2013\u00a0<strong data-prosemirror-content-type=\"mark\" data-prosemirror-mark-name=\"strong\">Composi\u00e7\u00e3o do produto:<\/strong><\/p>\n<ul class=\"ak-ul\" data-prosemirror-content-type=\"node\" data-prosemirror-node-block=\"true\" data-prosemirror-node-name=\"bulletList\">\n<li data-prosemirror-content-type=\"node\" data-prosemirror-node-block=\"true\" data-prosemirror-node-name=\"listItem\">\n<p data-prosemirror-content-type=\"node\" data-prosemirror-node-block=\"true\" data-prosemirror-node-name=\"paragraph\">91% Viscose<\/p>\n<\/li>\n<li data-prosemirror-content-type=\"node\" data-prosemirror-node-block=\"true\" data-prosemirror-node-name=\"listItem\">\n<p data-prosemirror-content-type=\"node\" data-prosemirror-node-block=\"true\" data-prosemirror-node-name=\"paragraph\">09% Elastano<\/p>\n<\/li>\n<\/ul>\n<p data-prosemirror-content-type=\"node\" data-prosemirror-node-block=\"true\" data-prosemirror-node-name=\"paragraph\">\u2013\u00a0<strong data-prosemirror-content-type=\"mark\" data-prosemirror-mark-name=\"strong\">Modelagem slim com caimento confort\u00e1vel:<\/strong>\u00a0valoriza o corpo sem apertar<\/p>\n<p data-prosemirror-content-type=\"node\" data-prosemirror-node-block=\"true\" data-prosemirror-node-name=\"paragraph\">\u2013\u00a0<strong data-prosemirror-content-type=\"mark\" data-prosemirror-mark-name=\"strong\">El\u00e1stico personalizado nos ombros:<\/strong>\u00a0com o nome \u201cPit Bull\u201d em destaque<\/p>\n<p data-prosemirror-content-type=\"node\" data-prosemirror-node-block=\"true\" data-prosemirror-node-name=\"paragraph\">\u2013\u00a0<strong data-prosemirror-content-type=\"mark\" data-prosemirror-mark-name=\"strong\">Estampa frontal em relevo foil prata:<\/strong>\u00a0efeito metalizado que garante estilo<\/p>\n<p data-prosemirror-content-type=\"node\" data-prosemirror-node-block=\"true\" data-prosemirror-node-name=\"paragraph\">\u2013\u00a0<strong data-prosemirror-content-type=\"mark\" data-prosemirror-mark-name=\"strong\">Gola com acabamento em vira do pr\u00f3prio tecido:<\/strong>\u00a0estruturada com entretela de malha<\/p>\n<p data-prosemirror-content-type=\"node\" data-prosemirror-node-block=\"true\" data-prosemirror-node-name=\"paragraph\">\u2013\u00a0<strong data-prosemirror-content-type=\"mark\" data-prosemirror-mark-name=\"strong\">Barra e mangas com acabamento de 2 cm:<\/strong>\u00a0visual limpo e bem-acabado<\/p>\n","protected":false},"excerpt":{"rendered":"<p>Unindo conforto e personalidade, esta t-shirt \u00e9 a escolha ideal para um visual moderno e marcante. Com design exclusivo Pit Bull Fashion aplicado no relevo foil prata, a pe\u00e7a traz atitude na medida certa. O toque fashion fica por conta dos el\u00e1sticos personalizados com o nome da marca aplicados nos ombros, refor\u00e7ando o DNA aut\u00eantico [&hellip;]<\/p>\n","protected":false},"featured_media":25978,"comment_status":"open","ping_status":"closed","template":"","meta":{"_kadence_starter_templates_imported_post":false},"product_brand":[],"product_cat":[172,43,293,1094,28,1099],"product_tag":[236,188,1074,1100],"class_list":{"0":"post-25972","1":"product","2":"type-product","3":"status-publish","4":"has-post-thumbnail","6":"product_cat-blusas-tops-e-camisetas","7":"product_cat-blusas-camisetas-femininas","8":"product_cat-feminino","9":"product_cat-pit-bull-2","10":"product_cat-pit-bull","11":"product_cat-t-shit","12":"product_tag-camisetas","13":"product_tag-moda-feminina","14":"product_tag-pit-bull","15":"product_tag-t-sirt","17":"first","18":"instock","19":"shipping-taxable","20":"purchasable","21":"product-type-variable"},"_links":{"self":[{"href":"https:\/\/sfashionaccessories.com\/index.php?rest_route=\/wp\/v2\/product\/25972","targetHints":{"allow":["GET"]}}],"collection":[{"href":"https:\/\/sfashionaccessories.com\/index.php?rest_route=\/wp\/v2\/product"}],"about":[{"href":"https:\/\/sfashionaccessories.com\/index.php?rest_route=\/wp\/v2\/types\/product"}],"replies":[{"embeddable":true,"href":"https:\/\/sfashionaccessories.com\/index.php?rest_route=%2Fwp%2Fv2%2Fcomments&post=25972"}],"wp:featuredmedia":[{"embeddable":true,"href":"https:\/\/sfashionaccessories.com\/index.php?rest_route=\/wp\/v2\/media\/25978"}],"wp:attachment":[{"href":"https:\/\/sfashionaccessories.com\/index.php?rest_route=%2Fwp%2Fv2%2Fmedia&parent=25972"}],"wp:term":[{"taxonomy":"product_brand","embeddable":true,"href":"https:\/\/sfashionaccessories.com\/index.php?rest_route=%2Fwp%2Fv2%2Fproduct_brand&post=25972"},{"taxonomy":"product_cat","embeddable":true,"href":"https:\/\/sfashionaccessories.com\/index.php?rest_route=%2Fwp%2Fv2%2Fproduct_cat&post=25972"},{"taxonomy":"product_tag","embeddable":true,"href":"https:\/\/sfashionaccessories.com\/index.php?rest_route=%2Fwp%2Fv2%2Fproduct_tag&post=25972"}],"curies":[{"name":"wp","href":"https:\/\/api.w.org\/{rel}","templated":true}]}}