{"id":4942,"date":"2022-08-12T17:23:26","date_gmt":"2022-08-12T08:23:26","guid":{"rendered":"https:\/\/sfashionaccessories.com\/?post_type=product&#038;p=4942"},"modified":"2024-10-04T09:31:40","modified_gmt":"2024-10-04T00:31:40","slug":"pitbull-legging","status":"publish","type":"product","link":"https:\/\/sfashionaccessories.com\/?product=pitbull-legging","title":{"rendered":"Pitbull Legging"},"content":{"rendered":"<p><strong>Detalhes:<\/strong> Cal\u00e7a legging produzida em tecido de alta compress\u00e3o e elasticidade, proporcionando conforto e sustenta\u00e7\u00e3o nos treinos.<\/p>\n","protected":false},"excerpt":{"rendered":"<p>Detalhes: Cal\u00e7a legging produzida em tecido de alta compress\u00e3o e elasticidade, proporcionando conforto e sustenta\u00e7\u00e3o nos treinos.<\/p>\n","protected":false},"featured_media":4939,"comment_status":"open","ping_status":"closed","template":"","meta":{"_kadence_starter_templates_imported_post":false},"product_brand":[],"product_cat":[508,580,293,201,64,501,28,254],"product_tag":[242,258,106],"class_list":{"0":"post-4942","1":"product","2":"type-product","3":"status-publish","4":"has-post-thumbnail","6":"product_cat-calcas-femininas","7":"product_cat-destaques","8":"product_cat-feminino","9":"product_cat-fitnessacademia-legging-top","10":"product_cat-fitness-leggings","11":"product_cat-medidas-calcas-e-shorts-feminino-pitbull","12":"product_cat-pit-bull","13":"product_cat-promocoes-descontos","14":"product_tag-calcas-femininas","15":"product_tag-fitness","16":"product_tag-legging","18":"first","19":"instock","20":"sale","21":"featured","22":"shipping-taxable","23":"purchasable","24":"product-type-variable"},"_links":{"self":[{"href":"https:\/\/sfashionaccessories.com\/index.php?rest_route=\/wp\/v2\/product\/4942","targetHints":{"allow":["GET"]}}],"collection":[{"href":"https:\/\/sfashionaccessories.com\/index.php?rest_route=\/wp\/v2\/product"}],"about":[{"href":"https:\/\/sfashionaccessories.com\/index.php?rest_route=\/wp\/v2\/types\/product"}],"replies":[{"embeddable":true,"href":"https:\/\/sfashionaccessories.com\/index.php?rest_route=%2Fwp%2Fv2%2Fcomments&post=4942"}],"wp:featuredmedia":[{"embeddable":true,"href":"https:\/\/sfashionaccessories.com\/index.php?rest_route=\/wp\/v2\/media\/4939"}],"wp:attachment":[{"href":"https:\/\/sfashionaccessories.com\/index.php?rest_route=%2Fwp%2Fv2%2Fmedia&parent=4942"}],"wp:term":[{"taxonomy":"product_brand","embeddable":true,"href":"https:\/\/sfashionaccessories.com\/index.php?rest_route=%2Fwp%2Fv2%2Fproduct_brand&post=4942"},{"taxonomy":"product_cat","embeddable":true,"href":"https:\/\/sfashionaccessories.com\/index.php?rest_route=%2Fwp%2Fv2%2Fproduct_cat&post=4942"},{"taxonomy":"product_tag","embeddable":true,"href":"https:\/\/sfashionaccessories.com\/index.php?rest_route=%2Fwp%2Fv2%2Fproduct_tag&post=4942"}],"curies":[{"name":"wp","href":"https:\/\/api.w.org\/{rel}","templated":true}]}}