{"id":5288,"date":"2022-08-15T18:43:37","date_gmt":"2022-08-15T09:43:37","guid":{"rendered":"https:\/\/sfashionaccessories.com\/?post_type=product&#038;p=5288"},"modified":"2024-09-06T16:46:45","modified_gmt":"2024-09-06T07:46:45","slug":"blusa-preta-com-transpasse-frontal","status":"publish","type":"product","link":"https:\/\/sfashionaccessories.com\/?product=blusa-preta-com-transpasse-frontal","title":{"rendered":"Blusa Preta com Transpasse Frontal"},"content":{"rendered":"","protected":false},"excerpt":{"rendered":"<p>Blusa de tecido creponado de poli\u00e9ster. Com al\u00e7as duplas e ilh\u00f3ses no decote. Frente transpassada. Costas estilo nadador.<\/p>\n","protected":false},"featured_media":5255,"comment_status":"open","ping_status":"closed","template":"","meta":{"_kadence_starter_templates_imported_post":false},"product_brand":[],"product_cat":[43,153,293,254],"product_tag":[189,236,263],"class_list":{"0":"post-5288","1":"product","2":"type-product","3":"status-publish","4":"has-post-thumbnail","6":"product_cat-blusas-camisetas-femininas","7":"product_cat-casual","8":"product_cat-feminino","9":"product_cat-promocoes-descontos","10":"product_tag-blusas","11":"product_tag-camisetas","12":"product_tag-casual","14":"first","15":"instock","16":"sale","17":"shipping-taxable","18":"purchasable","19":"product-type-variable"},"_links":{"self":[{"href":"https:\/\/sfashionaccessories.com\/index.php?rest_route=\/wp\/v2\/product\/5288","targetHints":{"allow":["GET"]}}],"collection":[{"href":"https:\/\/sfashionaccessories.com\/index.php?rest_route=\/wp\/v2\/product"}],"about":[{"href":"https:\/\/sfashionaccessories.com\/index.php?rest_route=\/wp\/v2\/types\/product"}],"replies":[{"embeddable":true,"href":"https:\/\/sfashionaccessories.com\/index.php?rest_route=%2Fwp%2Fv2%2Fcomments&post=5288"}],"wp:featuredmedia":[{"embeddable":true,"href":"https:\/\/sfashionaccessories.com\/index.php?rest_route=\/wp\/v2\/media\/5255"}],"wp:attachment":[{"href":"https:\/\/sfashionaccessories.com\/index.php?rest_route=%2Fwp%2Fv2%2Fmedia&parent=5288"}],"wp:term":[{"taxonomy":"product_brand","embeddable":true,"href":"https:\/\/sfashionaccessories.com\/index.php?rest_route=%2Fwp%2Fv2%2Fproduct_brand&post=5288"},{"taxonomy":"product_cat","embeddable":true,"href":"https:\/\/sfashionaccessories.com\/index.php?rest_route=%2Fwp%2Fv2%2Fproduct_cat&post=5288"},{"taxonomy":"product_tag","embeddable":true,"href":"https:\/\/sfashionaccessories.com\/index.php?rest_route=%2Fwp%2Fv2%2Fproduct_tag&post=5288"}],"curies":[{"name":"wp","href":"https:\/\/api.w.org\/{rel}","templated":true}]}}