{"id":6676,"date":"2026-04-03T15:18:30","date_gmt":"2026-04-03T06:18:30","guid":{"rendered":"https:\/\/sfashionaccessories.com\/?post_type=product&#038;p=6676"},"modified":"2026-04-08T19:12:10","modified_gmt":"2026-04-08T10:12:10","slug":"top-fitness-colors","status":"publish","type":"product","link":"https:\/\/sfashionaccessories.com\/?product=top-fitness-colors","title":{"rendered":"Top Fitness Colors"},"content":{"rendered":"","protected":false},"excerpt":{"rendered":"<p>O Top Colors \u00e9 a pe\u00e7a perfeita pra deixar seu Look Fitness cheio de estilo. Desenvolvido em Poliamida tem ajuste perfeito e oferece suporte e sustenta\u00e7\u00e3o. Possui abertura para bojo, al\u00e7a de el\u00e1stico e recorte em tela colorida super descolada que confere respirabilidade e conforto \u00e0 pe\u00e7a.<\/p>\n<p>Forro: Sim<br \/>\nAbertura para bojo: Sim<br \/>\nComposi\u00e7\u00e3o: 85% Poliamida &#8211; 15% Elastano<\/p>\n","protected":false},"featured_media":6639,"comment_status":"open","ping_status":"closed","template":"","meta":{"_kadence_starter_templates_imported_post":false},"product_brand":[],"product_cat":[65,293,201],"product_tag":[107,236,258,188],"class_list":{"0":"post-6676","1":"product","2":"type-product","3":"status-publish","4":"has-post-thumbnail","6":"product_cat-fitness-blusas-top","7":"product_cat-feminino","8":"product_cat-fitnessacademia-legging-top","9":"product_tag-blusa-top","10":"product_tag-camisetas","11":"product_tag-fitness","12":"product_tag-moda-feminina","14":"first","15":"instock","16":"sale","17":"shipping-taxable","18":"purchasable","19":"product-type-variable"},"_links":{"self":[{"href":"https:\/\/sfashionaccessories.com\/index.php?rest_route=\/wp\/v2\/product\/6676","targetHints":{"allow":["GET"]}}],"collection":[{"href":"https:\/\/sfashionaccessories.com\/index.php?rest_route=\/wp\/v2\/product"}],"about":[{"href":"https:\/\/sfashionaccessories.com\/index.php?rest_route=\/wp\/v2\/types\/product"}],"replies":[{"embeddable":true,"href":"https:\/\/sfashionaccessories.com\/index.php?rest_route=%2Fwp%2Fv2%2Fcomments&post=6676"}],"wp:featuredmedia":[{"embeddable":true,"href":"https:\/\/sfashionaccessories.com\/index.php?rest_route=\/wp\/v2\/media\/6639"}],"wp:attachment":[{"href":"https:\/\/sfashionaccessories.com\/index.php?rest_route=%2Fwp%2Fv2%2Fmedia&parent=6676"}],"wp:term":[{"taxonomy":"product_brand","embeddable":true,"href":"https:\/\/sfashionaccessories.com\/index.php?rest_route=%2Fwp%2Fv2%2Fproduct_brand&post=6676"},{"taxonomy":"product_cat","embeddable":true,"href":"https:\/\/sfashionaccessories.com\/index.php?rest_route=%2Fwp%2Fv2%2Fproduct_cat&post=6676"},{"taxonomy":"product_tag","embeddable":true,"href":"https:\/\/sfashionaccessories.com\/index.php?rest_route=%2Fwp%2Fv2%2Fproduct_tag&post=6676"}],"curies":[{"name":"wp","href":"https:\/\/api.w.org\/{rel}","templated":true}]}}