{"id":7437,"date":"2022-09-15T15:41:51","date_gmt":"2022-09-15T06:41:51","guid":{"rendered":"https:\/\/sfashionaccessories.com\/?post_type=product&#038;p=7437"},"modified":"2025-01-15T17:57:27","modified_gmt":"2025-01-15T08:57:27","slug":"conjunto-sem-bojo-luxo-em-renda","status":"publish","type":"product","link":"https:\/\/sfashionaccessories.com\/?product=conjunto-sem-bojo-luxo-em-renda","title":{"rendered":"Conjunto Sem Bojo Luxo em Renda"},"content":{"rendered":"","protected":false},"excerpt":{"rendered":"<p>Olha que conjunto maravilhoso trouxemos especialmente pra voc\u00eas!<\/p>\n<p>Conjunto mega sexy confeccionado em uma renda super bem trabalhada.<br \/>\nEsse suti\u00e3 modelo luxo confeccionado em renda toda desenhada e el\u00e1stica, possu\u00ed um decote em V lindo todo rendado dando um acabamento bem sensual.<br \/>\nSuas al\u00e7as em tiras duplas modelo strappy na parte das costas d\u00e1 um design todo especial na pe\u00e7a, al\u00e9m de seu modelo nadador permitir um maior conforto e um ajuste perfeito no corpo.<br \/>\nA calcinha modelo tanga sexy \u00e9 confeccionada em renda toda trabalhada com el\u00e1sticos que d\u00e3o uma maior firmeza impedindo assim que a pe\u00e7a fique escorregando no corpo.<br \/>\nSuas lateriais s\u00e3o em tirinhas dando um toque ainda mais especial na pe\u00e7a.<br \/>\nUm conjunto maravilhoso que veste super bem, super confort\u00e1vel e com toda a qualidade que voc\u00ea tanto preza.<br \/>\nGaranta agora mesmo o seu!<\/p>\n<p>Tipo: Conjunto<\/p>\n<p>Possu\u00ed Bojo: N\u00e3o<\/p>\n<p>Possu\u00ed Aro: N\u00e3o<\/p>\n<p>Possu\u00ed forro Interno No Suti\u00e3: Sim<\/p>\n<p>Al\u00e7as: Fixas N\u00e3o Ajust\u00e1veis<\/p>\n<p>Composi\u00e7\u00e3o: 90% Poliamida e 10% Elastano<\/p>\n<p>Possu\u00ed Forro Interno Na Calcinha: Sim 100% Algod\u00e3o ( Forro localizado na parte da regi\u00e3o \u00edntima)<\/p>\n<p>Dicas para manter sua lingerie sempre linda:<br \/>\nLavar a m\u00e3o. N\u00e3o usar alvejante. N\u00e3o passar.N\u00e3o usar secadora.<\/p>\n","protected":false},"featured_media":7469,"comment_status":"open","ping_status":"closed","template":"","meta":{"_kadence_starter_templates_imported_post":false},"product_brand":[],"product_cat":[218,220,293,29],"product_tag":[390,267],"class_list":{"0":"post-7437","1":"product","2":"type-product","3":"status-publish","4":"has-post-thumbnail","6":"product_cat-conjuntos-de-lingerie","7":"product_cat-conjuntos-sem-bojo","8":"product_cat-feminino","9":"product_cat-lingeries","10":"product_tag-conjunto-sem-bojo","11":"product_tag-lingerie","13":"first","14":"instock","15":"shipping-taxable","16":"purchasable","17":"product-type-variable"},"_links":{"self":[{"href":"https:\/\/sfashionaccessories.com\/index.php?rest_route=\/wp\/v2\/product\/7437","targetHints":{"allow":["GET"]}}],"collection":[{"href":"https:\/\/sfashionaccessories.com\/index.php?rest_route=\/wp\/v2\/product"}],"about":[{"href":"https:\/\/sfashionaccessories.com\/index.php?rest_route=\/wp\/v2\/types\/product"}],"replies":[{"embeddable":true,"href":"https:\/\/sfashionaccessories.com\/index.php?rest_route=%2Fwp%2Fv2%2Fcomments&post=7437"}],"wp:featuredmedia":[{"embeddable":true,"href":"https:\/\/sfashionaccessories.com\/index.php?rest_route=\/wp\/v2\/media\/7469"}],"wp:attachment":[{"href":"https:\/\/sfashionaccessories.com\/index.php?rest_route=%2Fwp%2Fv2%2Fmedia&parent=7437"}],"wp:term":[{"taxonomy":"product_brand","embeddable":true,"href":"https:\/\/sfashionaccessories.com\/index.php?rest_route=%2Fwp%2Fv2%2Fproduct_brand&post=7437"},{"taxonomy":"product_cat","embeddable":true,"href":"https:\/\/sfashionaccessories.com\/index.php?rest_route=%2Fwp%2Fv2%2Fproduct_cat&post=7437"},{"taxonomy":"product_tag","embeddable":true,"href":"https:\/\/sfashionaccessories.com\/index.php?rest_route=%2Fwp%2Fv2%2Fproduct_tag&post=7437"}],"curies":[{"name":"wp","href":"https:\/\/api.w.org\/{rel}","templated":true}]}}