{"id":7730,"date":"2025-11-14T11:56:52","date_gmt":"2025-11-14T02:56:52","guid":{"rendered":"https:\/\/sfashionaccessories.com\/?post_type=product&#038;p=7730"},"modified":"2026-03-18T12:03:30","modified_gmt":"2026-03-18T03:03:30","slug":"7730","status":"publish","type":"product","link":"https:\/\/sfashionaccessories.com\/?product=7730","title":{"rendered":"Desodorante Col\u00f4nia Kaiak Masculino"},"content":{"rendered":"","protected":false},"excerpt":{"rendered":"<p>Sinta a pot\u00eancia do frescor<\/p>\n<p>Kaiak tem uma fragr\u00e2ncia hiper aqu\u00e1tica. Combina\u00e7\u00e3o ic\u00f4nica de notas arom\u00e1ticas, c\u00edtricas e aquosas, que juntas trazem um potente frescor. Agora em nova embalagem, com tampa mais f\u00e1cil de abrir. O oceano nos deu a vida, ele \u00e9 nosso respiro. Est\u00e1 na hora de retribuir. Ou\u00e7a o chamado do oceano!<\/p>\n<p><strong>Fragr\u00e2ncia<\/strong>:<br \/>\nArom\u00e1tico Aquoso Moderado.<\/p>\n<p><strong>Gota olfativa<\/strong>:<br \/>\nSa\u00edda: bergamota, mandarina, agulhas de pinho.<br \/>\nCorpo: muguet, madeiras transparentes.<br \/>\nFundo: musk, musgo de carvalho, s\u00e2ndalo.<\/p>\n<p>&nbsp;<\/p>\n<p>Conte\u00fado: 100ml.<\/p>\n","protected":false},"featured_media":24028,"comment_status":"open","ping_status":"closed","template":"","meta":{"_kadence_starter_templates_imported_post":false},"product_brand":[],"product_cat":[206,251,231],"product_tag":[409,234,401],"class_list":{"0":"post-7730","1":"product","2":"type-product","3":"status-publish","4":"has-post-thumbnail","6":"product_cat-cosmeticos-cremes-hidradantesperfumes","7":"product_cat-perfume-perfumes","8":"product_cat-perfumes-natura","9":"product_tag-kaiak","10":"product_tag-natura","11":"product_tag-perfumes","13":"first","14":"instock","15":"shipping-taxable","16":"purchasable","17":"product-type-simple"},"_links":{"self":[{"href":"https:\/\/sfashionaccessories.com\/index.php?rest_route=\/wp\/v2\/product\/7730","targetHints":{"allow":["GET"]}}],"collection":[{"href":"https:\/\/sfashionaccessories.com\/index.php?rest_route=\/wp\/v2\/product"}],"about":[{"href":"https:\/\/sfashionaccessories.com\/index.php?rest_route=\/wp\/v2\/types\/product"}],"replies":[{"embeddable":true,"href":"https:\/\/sfashionaccessories.com\/index.php?rest_route=%2Fwp%2Fv2%2Fcomments&post=7730"}],"wp:featuredmedia":[{"embeddable":true,"href":"https:\/\/sfashionaccessories.com\/index.php?rest_route=\/wp\/v2\/media\/24028"}],"wp:attachment":[{"href":"https:\/\/sfashionaccessories.com\/index.php?rest_route=%2Fwp%2Fv2%2Fmedia&parent=7730"}],"wp:term":[{"taxonomy":"product_brand","embeddable":true,"href":"https:\/\/sfashionaccessories.com\/index.php?rest_route=%2Fwp%2Fv2%2Fproduct_brand&post=7730"},{"taxonomy":"product_cat","embeddable":true,"href":"https:\/\/sfashionaccessories.com\/index.php?rest_route=%2Fwp%2Fv2%2Fproduct_cat&post=7730"},{"taxonomy":"product_tag","embeddable":true,"href":"https:\/\/sfashionaccessories.com\/index.php?rest_route=%2Fwp%2Fv2%2Fproduct_tag&post=7730"}],"curies":[{"name":"wp","href":"https:\/\/api.w.org\/{rel}","templated":true}]}}