{"id":8662,"date":"2026-04-17T18:46:33","date_gmt":"2026-04-17T09:46:33","guid":{"rendered":"https:\/\/sfashionaccessories.com\/?post_type=product&#038;p=8662"},"modified":"2026-04-17T23:55:22","modified_gmt":"2026-04-17T14:55:22","slug":"hidratante-corporal-natura-tododia-noz-peca-e-cacau","status":"publish","type":"product","link":"https:\/\/sfashionaccessories.com\/?product=hidratante-corporal-natura-tododia-noz-peca-e-cacau","title":{"rendered":"Hidratante Corporal Natura Tododia Noz Pec\u00e3 e Cacau"},"content":{"rendered":"","protected":false},"excerpt":{"rendered":"<p>Com textura suave, a f\u00f3rmula do Creme Nutritivo Noz Pec\u00e3 e Cacau Tododia \u00e9 leve e confort\u00e1vel. Ideal para todos os tipos de pele, sua fragrancia \u00e9 inspirada na cremosidade da noz pec\u00e3 e do cacau. Cont\u00e9m a\u00e7\u00e3o desodorante.<\/p>\n<p>Benef\u00edcios:<\/p>\n<p>Nutri\u00e7\u00e3o intensa com f\u00f3rmula e textura cremosas, protege, fortalece e repara a pele;<\/p>\n<p>Reduz o ressecamento e o esbranqui\u00e7ado da pele.<\/p>\n<p>Conte\u00fado: 400ml.<\/p>\n<p>&nbsp;<\/p>\n","protected":false},"featured_media":8663,"comment_status":"open","ping_status":"closed","template":"","meta":{"_kadence_starter_templates_imported_post":false},"product_brand":[],"product_cat":[206,322,214,203],"product_tag":[193,234,337],"class_list":{"0":"post-8662","1":"product","2":"type-product","3":"status-publish","4":"has-post-thumbnail","6":"product_cat-cosmeticos-cremes-hidradantesperfumes","7":"product_cat-cremes-hidratantes-oleos","8":"product_cat-hidratantes-cremes-corporal","9":"product_cat-natura-creme-oleo-sabonete-perfume","10":"product_tag-hidratante","11":"product_tag-natura","12":"product_tag-tododia","14":"first","15":"instock","16":"sale","17":"shipping-taxable","18":"purchasable","19":"product-type-simple"},"_links":{"self":[{"href":"https:\/\/sfashionaccessories.com\/index.php?rest_route=\/wp\/v2\/product\/8662","targetHints":{"allow":["GET"]}}],"collection":[{"href":"https:\/\/sfashionaccessories.com\/index.php?rest_route=\/wp\/v2\/product"}],"about":[{"href":"https:\/\/sfashionaccessories.com\/index.php?rest_route=\/wp\/v2\/types\/product"}],"replies":[{"embeddable":true,"href":"https:\/\/sfashionaccessories.com\/index.php?rest_route=%2Fwp%2Fv2%2Fcomments&post=8662"}],"wp:featuredmedia":[{"embeddable":true,"href":"https:\/\/sfashionaccessories.com\/index.php?rest_route=\/wp\/v2\/media\/8663"}],"wp:attachment":[{"href":"https:\/\/sfashionaccessories.com\/index.php?rest_route=%2Fwp%2Fv2%2Fmedia&parent=8662"}],"wp:term":[{"taxonomy":"product_brand","embeddable":true,"href":"https:\/\/sfashionaccessories.com\/index.php?rest_route=%2Fwp%2Fv2%2Fproduct_brand&post=8662"},{"taxonomy":"product_cat","embeddable":true,"href":"https:\/\/sfashionaccessories.com\/index.php?rest_route=%2Fwp%2Fv2%2Fproduct_cat&post=8662"},{"taxonomy":"product_tag","embeddable":true,"href":"https:\/\/sfashionaccessories.com\/index.php?rest_route=%2Fwp%2Fv2%2Fproduct_tag&post=8662"}],"curies":[{"name":"wp","href":"https:\/\/api.w.org\/{rel}","templated":true}]}}