{"id":8801,"date":"2026-01-16T15:10:51","date_gmt":"2026-01-16T06:10:51","guid":{"rendered":"https:\/\/sfashionaccessories.com\/?post_type=product&#038;p=8801"},"modified":"2026-02-28T18:54:11","modified_gmt":"2026-02-28T09:54:11","slug":"pitbull-calca-jeans-vermelha-com-efeito-empina-bumbum","status":"publish","type":"product","link":"https:\/\/sfashionaccessories.com\/?product=pitbull-calca-jeans-vermelha-com-efeito-empina-bumbum","title":{"rendered":"Pitbull Cal\u00e7a Jeans Vermelha com Efeito Empina Bumbum"},"content":{"rendered":"","protected":false},"excerpt":{"rendered":"<div>Cal\u00e7a jeans feminina vermelha \u00e9 um item muito vers\u00e1til que transita entre o social e o casual, super despojada, ela ajuda a modernizar o look sem muito trabalho, sem tirar todo o conforto que o jeans com alto teor de elasticidade proporciona.<\/div>\n<ul>\n<li><strong>Fechamento:\u00a0<\/strong>z\u00edper e bot\u00e3o<\/li>\n<li><strong>Tecido:<\/strong>\u00a0jeans<\/li>\n<li><strong>Composi\u00e7\u00e3o:<\/strong>\u00a088% Algod\u00e3o, 10% Poli\u00e9ster e 2% Elastano\u00a0(Super-Stretch)<\/li>\n<li><strong>Cintura:<\/strong>\u00a0Alta<\/li>\n<li><strong>Modelo:<\/strong>\u00a0Skinny<\/li>\n<\/ul>\n","protected":false},"featured_media":8805,"comment_status":"open","ping_status":"closed","template":"","meta":{"_kadence_starter_templates_imported_post":false},"product_brand":[],"product_cat":[508,293,501,28,254],"product_tag":[242,243],"class_list":{"0":"post-8801","1":"product","2":"type-product","3":"status-publish","4":"has-post-thumbnail","6":"product_cat-calcas-femininas","7":"product_cat-feminino","8":"product_cat-medidas-calcas-e-shorts-feminino-pitbull","9":"product_cat-pit-bull","10":"product_cat-promocoes-descontos","11":"product_tag-calcas-femininas","12":"product_tag-pitbull","14":"first","15":"outofstock","16":"shipping-taxable","17":"product-type-variable"},"_links":{"self":[{"href":"https:\/\/sfashionaccessories.com\/index.php?rest_route=\/wp\/v2\/product\/8801","targetHints":{"allow":["GET"]}}],"collection":[{"href":"https:\/\/sfashionaccessories.com\/index.php?rest_route=\/wp\/v2\/product"}],"about":[{"href":"https:\/\/sfashionaccessories.com\/index.php?rest_route=\/wp\/v2\/types\/product"}],"replies":[{"embeddable":true,"href":"https:\/\/sfashionaccessories.com\/index.php?rest_route=%2Fwp%2Fv2%2Fcomments&post=8801"}],"wp:featuredmedia":[{"embeddable":true,"href":"https:\/\/sfashionaccessories.com\/index.php?rest_route=\/wp\/v2\/media\/8805"}],"wp:attachment":[{"href":"https:\/\/sfashionaccessories.com\/index.php?rest_route=%2Fwp%2Fv2%2Fmedia&parent=8801"}],"wp:term":[{"taxonomy":"product_brand","embeddable":true,"href":"https:\/\/sfashionaccessories.com\/index.php?rest_route=%2Fwp%2Fv2%2Fproduct_brand&post=8801"},{"taxonomy":"product_cat","embeddable":true,"href":"https:\/\/sfashionaccessories.com\/index.php?rest_route=%2Fwp%2Fv2%2Fproduct_cat&post=8801"},{"taxonomy":"product_tag","embeddable":true,"href":"https:\/\/sfashionaccessories.com\/index.php?rest_route=%2Fwp%2Fv2%2Fproduct_tag&post=8801"}],"curies":[{"name":"wp","href":"https:\/\/api.w.org\/{rel}","templated":true}]}}