{"id":8872,"date":"2023-03-28T17:39:50","date_gmt":"2023-03-28T08:39:50","guid":{"rendered":"https:\/\/sfashionaccessories.com\/?post_type=product&#038;p=8872"},"modified":"2024-09-07T18:18:31","modified_gmt":"2024-09-07T09:18:31","slug":"cropped-brilho-animal-print","status":"publish","type":"product","link":"https:\/\/sfashionaccessories.com\/?product=cropped-brilho-animal-print","title":{"rendered":"Pitbull Cropped\u3000blusa Brilho Animal Print"},"content":{"rendered":"","protected":false},"excerpt":{"rendered":"<p data-pm-slice=\"1 1 []\">O Cropped Brilho \u00e9 a pe\u00e7a que toda mulher moderna precisa no guarda-roupas! Mais curtinho, o modelo deixa a barriga \u00e0 mostra e real\u00e7a todas as curvas com o caimento ajustado ao corpo. Al\u00e9m de um visual \u00fanico com muito brilho, a pe\u00e7a tem toque frio e macio para voc\u00ea arrasar por muito tempo sem abrir m\u00e3o do conforto! \u00c9 a escolha ideal para usar em shows, festivais e eventos!<\/p>\n<p><strong>Detalhes<\/strong>: Cropped feito em malha com \u00f3tima elasticidade e flexibilidade. Os fios metalizados s\u00e3o revertidos com poli\u00e9ster, o que garante um efeito de brilho \u00fanico e modelagem que acompanham as curvas do corpo feminino. Para o visual \u00fanico, a pe\u00e7a \u00e9 toda feita em estampa brilhosa animal print de on\u00e7a. O detalhe exclusivo Pit Bull Jeans \u00e9 garantido pelas al\u00e7as com logomania e aviamentos banhados a ouro e costurado \u00e0 m\u00e3o na lateral do modelo! A pe\u00e7a ainda possui forro modelador na parte da frente que d\u00e1 ainda mais conforto e ajuste perfeito para o busto!<\/p>\n","protected":false},"featured_media":8880,"comment_status":"open","ping_status":"closed","template":"","meta":{"_kadence_starter_templates_imported_post":false},"product_brand":[],"product_cat":[172,43,293,501,28],"product_tag":[242,134,243],"class_list":{"0":"post-8872","1":"product","2":"type-product","3":"status-publish","4":"has-post-thumbnail","6":"product_cat-blusas-tops-e-camisetas","7":"product_cat-blusas-camisetas-femininas","8":"product_cat-feminino","9":"product_cat-medidas-calcas-e-shorts-feminino-pitbull","10":"product_cat-pit-bull","11":"product_tag-calcas-femininas","12":"product_tag-jeans","13":"product_tag-pitbull","15":"first","16":"instock","17":"shipping-taxable","18":"purchasable","19":"product-type-variable"},"_links":{"self":[{"href":"https:\/\/sfashionaccessories.com\/index.php?rest_route=\/wp\/v2\/product\/8872","targetHints":{"allow":["GET"]}}],"collection":[{"href":"https:\/\/sfashionaccessories.com\/index.php?rest_route=\/wp\/v2\/product"}],"about":[{"href":"https:\/\/sfashionaccessories.com\/index.php?rest_route=\/wp\/v2\/types\/product"}],"replies":[{"embeddable":true,"href":"https:\/\/sfashionaccessories.com\/index.php?rest_route=%2Fwp%2Fv2%2Fcomments&post=8872"}],"wp:featuredmedia":[{"embeddable":true,"href":"https:\/\/sfashionaccessories.com\/index.php?rest_route=\/wp\/v2\/media\/8880"}],"wp:attachment":[{"href":"https:\/\/sfashionaccessories.com\/index.php?rest_route=%2Fwp%2Fv2%2Fmedia&parent=8872"}],"wp:term":[{"taxonomy":"product_brand","embeddable":true,"href":"https:\/\/sfashionaccessories.com\/index.php?rest_route=%2Fwp%2Fv2%2Fproduct_brand&post=8872"},{"taxonomy":"product_cat","embeddable":true,"href":"https:\/\/sfashionaccessories.com\/index.php?rest_route=%2Fwp%2Fv2%2Fproduct_cat&post=8872"},{"taxonomy":"product_tag","embeddable":true,"href":"https:\/\/sfashionaccessories.com\/index.php?rest_route=%2Fwp%2Fv2%2Fproduct_tag&post=8872"}],"curies":[{"name":"wp","href":"https:\/\/api.w.org\/{rel}","templated":true}]}}