{"id":8912,"date":"2023-04-06T14:37:18","date_gmt":"2023-04-06T05:37:18","guid":{"rendered":"https:\/\/sfashionaccessories.com\/?post_type=product&#038;p=8912"},"modified":"2024-07-28T15:13:23","modified_gmt":"2024-07-28T06:13:23","slug":"vestido-floral-verde-com-decote-ajustavel-e-bolsos","status":"publish","type":"product","link":"https:\/\/sfashionaccessories.com\/?product=vestido-floral-verde-com-decote-ajustavel-e-bolsos","title":{"rendered":"Vestido Quintess Floral Verde com Decote Ajust\u00e1vel e Bolsos"},"content":{"rendered":"","protected":false},"excerpt":{"rendered":"<p>Vestido em malha de poli\u00e9ster com elastano. Modelo soltinho, Decote ajust\u00e1vel com la\u00e7o costas, bolsos funcionais, acompanha faixa para la\u00e7o na cintura e recorte na barra formando babado. Comprimento midi.<\/p>\n","protected":false},"featured_media":8913,"comment_status":"open","ping_status":"closed","template":"","meta":{"_kadence_starter_templates_imported_post":false},"product_brand":[],"product_cat":[293,503,254,196],"product_tag":[395,262],"class_list":{"0":"post-8912","1":"product","2":"type-product","3":"status-publish","4":"has-post-thumbnail","6":"product_cat-feminino","7":"product_cat-medidas-padrao-feminina-roupas-em-geral","8":"product_cat-promocoes-descontos","9":"product_cat-vestidos","10":"product_tag-feminino","11":"product_tag-vestidos","13":"first","14":"outofstock","15":"shipping-taxable","16":"product-type-variable"},"_links":{"self":[{"href":"https:\/\/sfashionaccessories.com\/index.php?rest_route=\/wp\/v2\/product\/8912","targetHints":{"allow":["GET"]}}],"collection":[{"href":"https:\/\/sfashionaccessories.com\/index.php?rest_route=\/wp\/v2\/product"}],"about":[{"href":"https:\/\/sfashionaccessories.com\/index.php?rest_route=\/wp\/v2\/types\/product"}],"replies":[{"embeddable":true,"href":"https:\/\/sfashionaccessories.com\/index.php?rest_route=%2Fwp%2Fv2%2Fcomments&post=8912"}],"wp:featuredmedia":[{"embeddable":true,"href":"https:\/\/sfashionaccessories.com\/index.php?rest_route=\/wp\/v2\/media\/8913"}],"wp:attachment":[{"href":"https:\/\/sfashionaccessories.com\/index.php?rest_route=%2Fwp%2Fv2%2Fmedia&parent=8912"}],"wp:term":[{"taxonomy":"product_brand","embeddable":true,"href":"https:\/\/sfashionaccessories.com\/index.php?rest_route=%2Fwp%2Fv2%2Fproduct_brand&post=8912"},{"taxonomy":"product_cat","embeddable":true,"href":"https:\/\/sfashionaccessories.com\/index.php?rest_route=%2Fwp%2Fv2%2Fproduct_cat&post=8912"},{"taxonomy":"product_tag","embeddable":true,"href":"https:\/\/sfashionaccessories.com\/index.php?rest_route=%2Fwp%2Fv2%2Fproduct_tag&post=8912"}],"curies":[{"name":"wp","href":"https:\/\/api.w.org\/{rel}","templated":true}]}}