{"id":8921,"date":"2024-10-01T13:00:45","date_gmt":"2024-10-01T04:00:45","guid":{"rendered":"https:\/\/sfashionaccessories.com\/?post_type=product&#038;p=8921"},"modified":"2025-08-09T17:35:24","modified_gmt":"2025-08-09T08:35:24","slug":"vestido-longo-floral-cinza-com-alcas-e-babado","status":"publish","type":"product","link":"https:\/\/sfashionaccessories.com\/?product=vestido-longo-floral-cinza-com-alcas-e-babado","title":{"rendered":"Vestido Longo Floral Cinza com Al\u00e7as e Babado"},"content":{"rendered":"","protected":false},"excerpt":{"rendered":"<p>Vestido em malha fria de poli\u00e9ster com elastano. Busto duplo com al\u00e7as para la\u00e7o, recorte com el\u00e1stico na cintura e saia com babado franzido na barra. Comprimento longo.<\/p>\n<div><\/div>\n","protected":false},"featured_media":8922,"comment_status":"open","ping_status":"closed","template":"","meta":{"_kadence_starter_templates_imported_post":false},"product_brand":[],"product_cat":[293,503,254,196],"product_tag":[395,262],"class_list":{"0":"post-8921","1":"product","2":"type-product","3":"status-publish","4":"has-post-thumbnail","6":"product_cat-feminino","7":"product_cat-medidas-padrao-feminina-roupas-em-geral","8":"product_cat-promocoes-descontos","9":"product_cat-vestidos","10":"product_tag-feminino","11":"product_tag-vestidos","13":"first","14":"instock","15":"sale","16":"shipping-taxable","17":"purchasable","18":"product-type-variable"},"_links":{"self":[{"href":"https:\/\/sfashionaccessories.com\/index.php?rest_route=\/wp\/v2\/product\/8921","targetHints":{"allow":["GET"]}}],"collection":[{"href":"https:\/\/sfashionaccessories.com\/index.php?rest_route=\/wp\/v2\/product"}],"about":[{"href":"https:\/\/sfashionaccessories.com\/index.php?rest_route=\/wp\/v2\/types\/product"}],"replies":[{"embeddable":true,"href":"https:\/\/sfashionaccessories.com\/index.php?rest_route=%2Fwp%2Fv2%2Fcomments&post=8921"}],"wp:featuredmedia":[{"embeddable":true,"href":"https:\/\/sfashionaccessories.com\/index.php?rest_route=\/wp\/v2\/media\/8922"}],"wp:attachment":[{"href":"https:\/\/sfashionaccessories.com\/index.php?rest_route=%2Fwp%2Fv2%2Fmedia&parent=8921"}],"wp:term":[{"taxonomy":"product_brand","embeddable":true,"href":"https:\/\/sfashionaccessories.com\/index.php?rest_route=%2Fwp%2Fv2%2Fproduct_brand&post=8921"},{"taxonomy":"product_cat","embeddable":true,"href":"https:\/\/sfashionaccessories.com\/index.php?rest_route=%2Fwp%2Fv2%2Fproduct_cat&post=8921"},{"taxonomy":"product_tag","embeddable":true,"href":"https:\/\/sfashionaccessories.com\/index.php?rest_route=%2Fwp%2Fv2%2Fproduct_tag&post=8921"}],"curies":[{"name":"wp","href":"https:\/\/api.w.org\/{rel}","templated":true}]}}