{"id":8929,"date":"2025-01-17T18:02:54","date_gmt":"2025-01-17T09:02:54","guid":{"rendered":"https:\/\/sfashionaccessories.com\/?post_type=product&#038;p=8929"},"modified":"2025-01-17T19:32:30","modified_gmt":"2025-01-17T10:32:30","slug":"biotipo-macacao-jeans","status":"publish","type":"product","link":"https:\/\/sfashionaccessories.com\/?product=biotipo-macacao-jeans","title":{"rendered":"Biotipo Macac\u00e3o Jeans"},"content":{"rendered":"","protected":false},"excerpt":{"rendered":"<p>Macac\u00e3o jeans feminino, feita em algod\u00e3o, poli\u00e9ster e elastano de lavagem escura com Ziper e bot\u00f5es frontais. Possui forro de bolso.<\/p>\n<p>* Z\u00edper e bot\u00f5es frontais<br \/>\n* Detalhe: el\u00e1stico na cintura<br \/>\n* Pala cora\u00e7\u00e3o<br \/>\n* Bolsos traseiros com etiqueta de detalhe<br \/>\n* Lavagem Escura Amaciada<br \/>\n* Barra virada<\/p>\n","protected":false},"featured_media":8935,"comment_status":"open","ping_status":"closed","template":"","meta":{"_kadence_starter_templates_imported_post":false},"product_brand":[],"product_cat":[498,293,500,254],"product_tag":[461,395,134,464],"class_list":{"0":"post-8929","1":"product","2":"type-product","3":"status-publish","4":"has-post-thumbnail","6":"product_cat-biotipo","7":"product_cat-feminino","8":"product_cat-medidas-calcas-e-shorts-feminino-biotipo","9":"product_cat-promocoes-descontos","10":"product_tag-biotipo","11":"product_tag-feminino","12":"product_tag-jeans","13":"product_tag-macacao","15":"first","16":"instock","17":"sale","18":"shipping-taxable","19":"purchasable","20":"product-type-variable"},"_links":{"self":[{"href":"https:\/\/sfashionaccessories.com\/index.php?rest_route=\/wp\/v2\/product\/8929","targetHints":{"allow":["GET"]}}],"collection":[{"href":"https:\/\/sfashionaccessories.com\/index.php?rest_route=\/wp\/v2\/product"}],"about":[{"href":"https:\/\/sfashionaccessories.com\/index.php?rest_route=\/wp\/v2\/types\/product"}],"replies":[{"embeddable":true,"href":"https:\/\/sfashionaccessories.com\/index.php?rest_route=%2Fwp%2Fv2%2Fcomments&post=8929"}],"wp:featuredmedia":[{"embeddable":true,"href":"https:\/\/sfashionaccessories.com\/index.php?rest_route=\/wp\/v2\/media\/8935"}],"wp:attachment":[{"href":"https:\/\/sfashionaccessories.com\/index.php?rest_route=%2Fwp%2Fv2%2Fmedia&parent=8929"}],"wp:term":[{"taxonomy":"product_brand","embeddable":true,"href":"https:\/\/sfashionaccessories.com\/index.php?rest_route=%2Fwp%2Fv2%2Fproduct_brand&post=8929"},{"taxonomy":"product_cat","embeddable":true,"href":"https:\/\/sfashionaccessories.com\/index.php?rest_route=%2Fwp%2Fv2%2Fproduct_cat&post=8929"},{"taxonomy":"product_tag","embeddable":true,"href":"https:\/\/sfashionaccessories.com\/index.php?rest_route=%2Fwp%2Fv2%2Fproduct_tag&post=8929"}],"curies":[{"name":"wp","href":"https:\/\/api.w.org\/{rel}","templated":true}]}}