{"id":8938,"date":"2024-10-23T13:17:06","date_gmt":"2024-10-23T04:17:06","guid":{"rendered":"https:\/\/sfashionaccessories.com\/?post_type=product&#038;p=8938"},"modified":"2025-09-05T17:40:41","modified_gmt":"2025-09-05T08:40:41","slug":"macaquinho-floral-com-decote-v","status":"publish","type":"product","link":"https:\/\/sfashionaccessories.com\/?product=macaquinho-floral-com-decote-v","title":{"rendered":"Quintess Macaquinho Floral com Decote V"},"content":{"rendered":"","protected":false},"excerpt":{"rendered":"<p>Macaquinho em malha fria acetinada de poli\u00e9ster e elastano. Macaquinho com decote V, manga curta evas\u00ea, recorte duplo na cintura com el\u00e1stico e franzido e faixa fixa na cintura.<\/p>\n","protected":false},"featured_media":8942,"comment_status":"open","ping_status":"closed","template":"","meta":{"_kadence_starter_templates_imported_post":false},"product_brand":[],"product_cat":[293,503,254,196],"product_tag":[395,466],"class_list":{"0":"post-8938","1":"product","2":"type-product","3":"status-publish","4":"has-post-thumbnail","6":"product_cat-feminino","7":"product_cat-medidas-padrao-feminina-roupas-em-geral","8":"product_cat-promocoes-descontos","9":"product_cat-vestidos","10":"product_tag-feminino","11":"product_tag-macaquinho","13":"first","14":"instock","15":"sale","16":"shipping-taxable","17":"purchasable","18":"product-type-variable"},"_links":{"self":[{"href":"https:\/\/sfashionaccessories.com\/index.php?rest_route=\/wp\/v2\/product\/8938","targetHints":{"allow":["GET"]}}],"collection":[{"href":"https:\/\/sfashionaccessories.com\/index.php?rest_route=\/wp\/v2\/product"}],"about":[{"href":"https:\/\/sfashionaccessories.com\/index.php?rest_route=\/wp\/v2\/types\/product"}],"replies":[{"embeddable":true,"href":"https:\/\/sfashionaccessories.com\/index.php?rest_route=%2Fwp%2Fv2%2Fcomments&post=8938"}],"wp:featuredmedia":[{"embeddable":true,"href":"https:\/\/sfashionaccessories.com\/index.php?rest_route=\/wp\/v2\/media\/8942"}],"wp:attachment":[{"href":"https:\/\/sfashionaccessories.com\/index.php?rest_route=%2Fwp%2Fv2%2Fmedia&parent=8938"}],"wp:term":[{"taxonomy":"product_brand","embeddable":true,"href":"https:\/\/sfashionaccessories.com\/index.php?rest_route=%2Fwp%2Fv2%2Fproduct_brand&post=8938"},{"taxonomy":"product_cat","embeddable":true,"href":"https:\/\/sfashionaccessories.com\/index.php?rest_route=%2Fwp%2Fv2%2Fproduct_cat&post=8938"},{"taxonomy":"product_tag","embeddable":true,"href":"https:\/\/sfashionaccessories.com\/index.php?rest_route=%2Fwp%2Fv2%2Fproduct_tag&post=8938"}],"curies":[{"name":"wp","href":"https:\/\/api.w.org\/{rel}","templated":true}]}}