{"id":9122,"date":"2023-04-18T18:19:01","date_gmt":"2023-04-18T09:19:01","guid":{"rendered":"https:\/\/sfashionaccessories.com\/?post_type=product&#038;p=9122"},"modified":"2025-08-15T18:03:37","modified_gmt":"2025-08-15T09:03:37","slug":"biquini-em-poliamida-com-amarracao-dupla-estampa-onca-chocolate","status":"publish","type":"product","link":"https:\/\/sfashionaccessories.com\/?product=biquini-em-poliamida-com-amarracao-dupla-estampa-onca-chocolate","title":{"rendered":"Biqu\u00edni em Poliamida com Amarra\u00e7\u00e3o Dupla Estampa On\u00e7a Chocolate"},"content":{"rendered":"","protected":false},"excerpt":{"rendered":"<div class=\"woocommerce-product-details__short-description\">\n<p>O suti\u00e3 de bojo possui uma amarra\u00e7\u00e3o na prate frontal possibilitando um melhor ajuste em seu corpo, tamb\u00e9m possu\u00ed amarra\u00e7\u00f5es na parte de tr\u00e1s com al\u00e7as largas, uma \u00f3tima op\u00e7\u00e3o para quem est\u00e1 procurando conforto e seguran\u00e7a em uma s\u00f3 pe\u00e7a.<br \/>\nCalcinha conforto tamanho m\u00e9dio se adapta super bem em qualquer tipo de corpo.<\/p>\n<p>Possu\u00ed uma Prote\u00e7\u00e3o UV 50+ que garante efici\u00eancia contra os efeitos nocivos da radia\u00e7\u00e3o solar.<\/p>\n<\/div>\n","protected":false},"featured_media":9116,"comment_status":"open","ping_status":"closed","template":"","meta":{"_kadence_starter_templates_imported_post":false},"product_brand":[],"product_cat":[67,293,202,254],"product_tag":[82,469],"class_list":{"0":"post-9122","1":"product","2":"type-product","3":"status-publish","4":"has-post-thumbnail","6":"product_cat-praia-biquinis","7":"product_cat-feminino","8":"product_cat-biquinis-maios-cangas-saidas-de-praia","9":"product_cat-promocoes-descontos","10":"product_tag-biquini","11":"product_tag-verao","13":"first","14":"instock","15":"sale","16":"shipping-taxable","17":"purchasable","18":"product-type-variable"},"_links":{"self":[{"href":"https:\/\/sfashionaccessories.com\/index.php?rest_route=\/wp\/v2\/product\/9122","targetHints":{"allow":["GET"]}}],"collection":[{"href":"https:\/\/sfashionaccessories.com\/index.php?rest_route=\/wp\/v2\/product"}],"about":[{"href":"https:\/\/sfashionaccessories.com\/index.php?rest_route=\/wp\/v2\/types\/product"}],"replies":[{"embeddable":true,"href":"https:\/\/sfashionaccessories.com\/index.php?rest_route=%2Fwp%2Fv2%2Fcomments&post=9122"}],"wp:featuredmedia":[{"embeddable":true,"href":"https:\/\/sfashionaccessories.com\/index.php?rest_route=\/wp\/v2\/media\/9116"}],"wp:attachment":[{"href":"https:\/\/sfashionaccessories.com\/index.php?rest_route=%2Fwp%2Fv2%2Fmedia&parent=9122"}],"wp:term":[{"taxonomy":"product_brand","embeddable":true,"href":"https:\/\/sfashionaccessories.com\/index.php?rest_route=%2Fwp%2Fv2%2Fproduct_brand&post=9122"},{"taxonomy":"product_cat","embeddable":true,"href":"https:\/\/sfashionaccessories.com\/index.php?rest_route=%2Fwp%2Fv2%2Fproduct_cat&post=9122"},{"taxonomy":"product_tag","embeddable":true,"href":"https:\/\/sfashionaccessories.com\/index.php?rest_route=%2Fwp%2Fv2%2Fproduct_tag&post=9122"}],"curies":[{"name":"wp","href":"https:\/\/api.w.org\/{rel}","templated":true}]}}