{"id":9156,"date":"2023-04-18T19:17:29","date_gmt":"2023-04-18T10:17:29","guid":{"rendered":"https:\/\/sfashionaccessories.com\/?post_type=product&#038;p=9156"},"modified":"2025-08-20T15:33:26","modified_gmt":"2025-08-20T06:33:26","slug":"biquini-cortininha-com-base-encapada","status":"publish","type":"product","link":"https:\/\/sfashionaccessories.com\/?product=biquini-cortininha-com-base-encapada","title":{"rendered":"Biqu\u00edni Cortininha com Base Encapada"},"content":{"rendered":"","protected":false},"excerpt":{"rendered":"<p>Biqu\u00edni cortininha com base encapada de el\u00e1stico cru. Calcinha fio duplo de amarrar do lado.<\/p>\n","protected":false},"featured_media":9157,"comment_status":"open","ping_status":"closed","template":"","meta":{"_kadence_starter_templates_imported_post":false},"product_brand":[],"product_cat":[67,293,202,254],"product_tag":[82,469],"class_list":{"0":"post-9156","1":"product","2":"type-product","3":"status-publish","4":"has-post-thumbnail","6":"product_cat-praia-biquinis","7":"product_cat-feminino","8":"product_cat-biquinis-maios-cangas-saidas-de-praia","9":"product_cat-promocoes-descontos","10":"product_tag-biquini","11":"product_tag-verao","13":"first","14":"instock","15":"sale","16":"shipping-taxable","17":"purchasable","18":"product-type-variable"},"_links":{"self":[{"href":"https:\/\/sfashionaccessories.com\/index.php?rest_route=\/wp\/v2\/product\/9156","targetHints":{"allow":["GET"]}}],"collection":[{"href":"https:\/\/sfashionaccessories.com\/index.php?rest_route=\/wp\/v2\/product"}],"about":[{"href":"https:\/\/sfashionaccessories.com\/index.php?rest_route=\/wp\/v2\/types\/product"}],"replies":[{"embeddable":true,"href":"https:\/\/sfashionaccessories.com\/index.php?rest_route=%2Fwp%2Fv2%2Fcomments&post=9156"}],"wp:featuredmedia":[{"embeddable":true,"href":"https:\/\/sfashionaccessories.com\/index.php?rest_route=\/wp\/v2\/media\/9157"}],"wp:attachment":[{"href":"https:\/\/sfashionaccessories.com\/index.php?rest_route=%2Fwp%2Fv2%2Fmedia&parent=9156"}],"wp:term":[{"taxonomy":"product_brand","embeddable":true,"href":"https:\/\/sfashionaccessories.com\/index.php?rest_route=%2Fwp%2Fv2%2Fproduct_brand&post=9156"},{"taxonomy":"product_cat","embeddable":true,"href":"https:\/\/sfashionaccessories.com\/index.php?rest_route=%2Fwp%2Fv2%2Fproduct_cat&post=9156"},{"taxonomy":"product_tag","embeddable":true,"href":"https:\/\/sfashionaccessories.com\/index.php?rest_route=%2Fwp%2Fv2%2Fproduct_tag&post=9156"}],"curies":[{"name":"wp","href":"https:\/\/api.w.org\/{rel}","templated":true}]}}