{"id":9207,"date":"2023-04-18T20:47:31","date_gmt":"2023-04-18T11:47:31","guid":{"rendered":"https:\/\/sfashionaccessories.com\/?post_type=product&#038;p=9207"},"modified":"2024-09-08T14:39:03","modified_gmt":"2024-09-08T05:39:03","slug":"maio-com-decote-profundo","status":"publish","type":"product","link":"https:\/\/sfashionaccessories.com\/?product=maio-com-decote-profundo","title":{"rendered":"Mai\u00f4 Geo \u00c9tnico"},"content":{"rendered":"","protected":false},"excerpt":{"rendered":"<p>Mai\u00f4 em malha de poli\u00e9ster e elastano. Com forro em poliamida. Modelo decote profundo, franzido e al\u00e7as largas para amarrar. Possui el\u00e1stico no recorte, decote costas e abertura pernas.<\/p>\n<div><\/div>\n","protected":false},"featured_media":9208,"comment_status":"open","ping_status":"closed","template":"","meta":{"_kadence_starter_templates_imported_post":false},"product_brand":[],"product_cat":[67,293,66,202,254],"product_tag":[83,469],"class_list":{"0":"post-9207","1":"product","2":"type-product","3":"status-publish","4":"has-post-thumbnail","6":"product_cat-praia-biquinis","7":"product_cat-feminino","8":"product_cat-praia-maios","9":"product_cat-biquinis-maios-cangas-saidas-de-praia","10":"product_cat-promocoes-descontos","11":"product_tag-maio","12":"product_tag-verao","14":"first","15":"instock","16":"sale","17":"shipping-taxable","18":"purchasable","19":"product-type-variable"},"_links":{"self":[{"href":"https:\/\/sfashionaccessories.com\/index.php?rest_route=\/wp\/v2\/product\/9207","targetHints":{"allow":["GET"]}}],"collection":[{"href":"https:\/\/sfashionaccessories.com\/index.php?rest_route=\/wp\/v2\/product"}],"about":[{"href":"https:\/\/sfashionaccessories.com\/index.php?rest_route=\/wp\/v2\/types\/product"}],"replies":[{"embeddable":true,"href":"https:\/\/sfashionaccessories.com\/index.php?rest_route=%2Fwp%2Fv2%2Fcomments&post=9207"}],"wp:featuredmedia":[{"embeddable":true,"href":"https:\/\/sfashionaccessories.com\/index.php?rest_route=\/wp\/v2\/media\/9208"}],"wp:attachment":[{"href":"https:\/\/sfashionaccessories.com\/index.php?rest_route=%2Fwp%2Fv2%2Fmedia&parent=9207"}],"wp:term":[{"taxonomy":"product_brand","embeddable":true,"href":"https:\/\/sfashionaccessories.com\/index.php?rest_route=%2Fwp%2Fv2%2Fproduct_brand&post=9207"},{"taxonomy":"product_cat","embeddable":true,"href":"https:\/\/sfashionaccessories.com\/index.php?rest_route=%2Fwp%2Fv2%2Fproduct_cat&post=9207"},{"taxonomy":"product_tag","embeddable":true,"href":"https:\/\/sfashionaccessories.com\/index.php?rest_route=%2Fwp%2Fv2%2Fproduct_tag&post=9207"}],"curies":[{"name":"wp","href":"https:\/\/api.w.org\/{rel}","templated":true}]}}