{"id":9245,"date":"2023-04-21T18:10:08","date_gmt":"2023-04-21T09:10:08","guid":{"rendered":"https:\/\/sfashionaccessories.com\/?post_type=product&#038;p=9245"},"modified":"2025-08-20T15:31:59","modified_gmt":"2025-08-20T06:31:59","slug":"biquini-cortininha-levanta-bumbum-com-bojo-floral-amarelo","status":"publish","type":"product","link":"https:\/\/sfashionaccessories.com\/?product=biquini-cortininha-levanta-bumbum-com-bojo-floral-amarelo","title":{"rendered":"Biqu\u00edni Cortininha Levanta Bumbum com Bojo Floral Amarelo"},"content":{"rendered":"","protected":false},"excerpt":{"rendered":"<p>Esse modelo conta com uma estampa maravilhosa dando aquele toque super especial na pe\u00e7a.<br \/>\nO Suti\u00e3 em bojo \u00e9 bem fininho e delicado dando a pe\u00e7a mais conforto e leveza. As al\u00e7as de amarrar possibilitam um melhor ajuste ao corpo podendo assim ser amarrada do jeito que voc\u00ea preferir.<br \/>\nA calcinha possu\u00ed amarra\u00e7\u00e3o nas laterias dando um melhor ajuste ao corpo, conta tamb\u00e9m com um lindo design franzido permitindo assim,dar aquela levantada no bumbum que tanto gostamos. Um tecido de secagem r\u00e1pida e bem fresquinho possibilitando um maior conforto para voc\u00ea. Um biqu\u00edni perfeito para quem quer arrasar no mar ou na piscina!!<\/p>\n<p>Cont\u00e9m tecnologia de prote\u00e7\u00e3o solar UV 50+dando a voc\u00ea a prote\u00e7\u00e3o ideal para os dias de sol.<\/p>\n","protected":false},"featured_media":9246,"comment_status":"open","ping_status":"closed","template":"","meta":{"_kadence_starter_templates_imported_post":false},"product_brand":[],"product_cat":[67,293,202,254],"product_tag":[82,469],"class_list":{"0":"post-9245","1":"product","2":"type-product","3":"status-publish","4":"has-post-thumbnail","6":"product_cat-praia-biquinis","7":"product_cat-feminino","8":"product_cat-biquinis-maios-cangas-saidas-de-praia","9":"product_cat-promocoes-descontos","10":"product_tag-biquini","11":"product_tag-verao","13":"first","14":"instock","15":"sale","16":"shipping-taxable","17":"purchasable","18":"product-type-variable"},"_links":{"self":[{"href":"https:\/\/sfashionaccessories.com\/index.php?rest_route=\/wp\/v2\/product\/9245","targetHints":{"allow":["GET"]}}],"collection":[{"href":"https:\/\/sfashionaccessories.com\/index.php?rest_route=\/wp\/v2\/product"}],"about":[{"href":"https:\/\/sfashionaccessories.com\/index.php?rest_route=\/wp\/v2\/types\/product"}],"replies":[{"embeddable":true,"href":"https:\/\/sfashionaccessories.com\/index.php?rest_route=%2Fwp%2Fv2%2Fcomments&post=9245"}],"wp:featuredmedia":[{"embeddable":true,"href":"https:\/\/sfashionaccessories.com\/index.php?rest_route=\/wp\/v2\/media\/9246"}],"wp:attachment":[{"href":"https:\/\/sfashionaccessories.com\/index.php?rest_route=%2Fwp%2Fv2%2Fmedia&parent=9245"}],"wp:term":[{"taxonomy":"product_brand","embeddable":true,"href":"https:\/\/sfashionaccessories.com\/index.php?rest_route=%2Fwp%2Fv2%2Fproduct_brand&post=9245"},{"taxonomy":"product_cat","embeddable":true,"href":"https:\/\/sfashionaccessories.com\/index.php?rest_route=%2Fwp%2Fv2%2Fproduct_cat&post=9245"},{"taxonomy":"product_tag","embeddable":true,"href":"https:\/\/sfashionaccessories.com\/index.php?rest_route=%2Fwp%2Fv2%2Fproduct_tag&post=9245"}],"curies":[{"name":"wp","href":"https:\/\/api.w.org\/{rel}","templated":true}]}}