{"id":9858,"date":"2025-12-13T10:27:19","date_gmt":"2025-12-13T01:27:19","guid":{"rendered":"https:\/\/sfashionaccessories.com\/?post_type=product&#038;p=9858"},"modified":"2025-12-14T12:54:21","modified_gmt":"2025-12-14T03:54:21","slug":"blusa-floral-borrado","status":"publish","type":"product","link":"https:\/\/sfashionaccessories.com\/?product=blusa-floral-borrado","title":{"rendered":"Blusa Floral Borrado-* OFERTA VALIDA SOMENTE NO SITE*"},"content":{"rendered":"<p>** OFERTA VALIDA SOMENTE AQUI NO SITE **<\/p>\n","protected":false},"excerpt":{"rendered":"<p>Blusa em malha de poli\u00e9ster com elastano e detalhe em viscose com elastano. Modelo de alcinha com ajuste em amarra\u00e7\u00e3o nas costas.<\/p>\n","protected":false},"featured_media":9859,"comment_status":"open","ping_status":"closed","template":"","meta":{"_kadence_starter_templates_imported_post":false},"product_brand":[],"product_cat":[43,293,254],"product_tag":[135],"class_list":{"0":"post-9858","1":"product","2":"type-product","3":"status-publish","4":"has-post-thumbnail","6":"product_cat-blusas-camisetas-femininas","7":"product_cat-feminino","8":"product_cat-promocoes-descontos","9":"product_tag-blusa","11":"first","12":"instock","13":"sale","14":"shipping-taxable","15":"purchasable","16":"product-type-variable"},"_links":{"self":[{"href":"https:\/\/sfashionaccessories.com\/index.php?rest_route=\/wp\/v2\/product\/9858","targetHints":{"allow":["GET"]}}],"collection":[{"href":"https:\/\/sfashionaccessories.com\/index.php?rest_route=\/wp\/v2\/product"}],"about":[{"href":"https:\/\/sfashionaccessories.com\/index.php?rest_route=\/wp\/v2\/types\/product"}],"replies":[{"embeddable":true,"href":"https:\/\/sfashionaccessories.com\/index.php?rest_route=%2Fwp%2Fv2%2Fcomments&post=9858"}],"wp:featuredmedia":[{"embeddable":true,"href":"https:\/\/sfashionaccessories.com\/index.php?rest_route=\/wp\/v2\/media\/9859"}],"wp:attachment":[{"href":"https:\/\/sfashionaccessories.com\/index.php?rest_route=%2Fwp%2Fv2%2Fmedia&parent=9858"}],"wp:term":[{"taxonomy":"product_brand","embeddable":true,"href":"https:\/\/sfashionaccessories.com\/index.php?rest_route=%2Fwp%2Fv2%2Fproduct_brand&post=9858"},{"taxonomy":"product_cat","embeddable":true,"href":"https:\/\/sfashionaccessories.com\/index.php?rest_route=%2Fwp%2Fv2%2Fproduct_cat&post=9858"},{"taxonomy":"product_tag","embeddable":true,"href":"https:\/\/sfashionaccessories.com\/index.php?rest_route=%2Fwp%2Fv2%2Fproduct_tag&post=9858"}],"curies":[{"name":"wp","href":"https:\/\/api.w.org\/{rel}","templated":true}]}}